{"id":8,"date":"2020-12-21T09:48:52","date_gmt":"2020-12-21T09:48:52","guid":{"rendered":"https:\/\/domaine-de-colonat.fr\/?page_id=8"},"modified":"2024-06-18T08:08:18","modified_gmt":"2024-06-18T08:08:18","slug":"accueil","status":"publish","type":"page","link":"https:\/\/domaine-de-colonat.fr\/en\/","title":{"rendered":"Accueil"},"content":{"rendered":"<div data-elementor-type=\"wp-page\" data-elementor-id=\"8\" class=\"elementor elementor-8\">\n\t\t\t\t\t\t\t\t\t<section class=\"elementor-section elementor-top-section elementor-element elementor-element-201b6ff elementor-section-full_width elementor-section-height-full elementor-section-height-default elementor-section-items-middle\" data-id=\"201b6ff\" data-element_type=\"section\" data-settings=\"{&quot;background_background&quot;:&quot;classic&quot;,&quot;background_motion_fx_motion_fx_scrolling&quot;:&quot;yes&quot;,&quot;background_motion_fx_translateX_effect&quot;:&quot;yes&quot;,&quot;motion_fx_motion_fx_scrolling&quot;:&quot;yes&quot;,&quot;sticky&quot;:&quot;top&quot;,&quot;motion_fx_devices&quot;:[&quot;desktop&quot;,&quot;tablet&quot;],&quot;background_motion_fx_devices&quot;:[&quot;desktop&quot;,&quot;tablet&quot;],&quot;background_motion_fx_translateX_speed&quot;:{&quot;unit&quot;:&quot;px&quot;,&quot;size&quot;:4,&quot;sizes&quot;:[]},&quot;background_motion_fx_translateX_affectedRange&quot;:{&quot;unit&quot;:&quot;%&quot;,&quot;size&quot;:&quot;&quot;,&quot;sizes&quot;:{&quot;start&quot;:0,&quot;end&quot;:100}},&quot;sticky_on&quot;:[&quot;desktop&quot;,&quot;tablet&quot;,&quot;mobile&quot;],&quot;sticky_offset&quot;:0,&quot;sticky_effects_offset&quot;:0}\">\n\t\t\t\t\t\t<div class=\"elementor-container elementor-column-gap-no\">\n\t\t\t\t\t<nav class=\"elementor-column elementor-col-100 elementor-top-column elementor-element elementor-element-5fcc396\" data-id=\"5fcc396\" data-element_type=\"column\">\n\t\t\t<div class=\"elementor-widget-wrap elementor-element-populated\">\n\t\t\t\t\t\t\t\t<div class=\"elementor-element elementor-element-401cd94 elementor-widget elementor-widget-image\" data-id=\"401cd94\" data-element_type=\"widget\" data-widget_type=\"image.default\">\n\t\t\t\t<div class=\"elementor-widget-container\">\n\t\t\t\t\t\t\t\t\t\t\t\t\t\t\t<img loading=\"lazy\" decoding=\"async\" width=\"636\" height=\"724\" src=\"https:\/\/domaine-de-colonat.fr\/wp-content\/uploads\/2024\/06\/Capture-decran-2024-06-12-a-18.07.05.png\" class=\"attachment-full size-full wp-image-1309\" alt=\"\" srcset=\"https:\/\/domaine-de-colonat.fr\/wp-content\/uploads\/2024\/06\/Capture-decran-2024-06-12-a-18.07.05.png 636w, https:\/\/domaine-de-colonat.fr\/wp-content\/uploads\/2024\/06\/Capture-decran-2024-06-12-a-18.07.05-264x300.png 264w, https:\/\/domaine-de-colonat.fr\/wp-content\/uploads\/2024\/06\/Capture-decran-2024-06-12-a-18.07.05-11x12.png 11w\" sizes=\"auto, (max-width: 636px) 100vw, 636px\" \/>\t\t\t\t\t\t\t\t\t\t\t\t\t\t\t<\/div>\n\t\t\t\t<\/div>\n\t\t\t\t<div class=\"elementor-element elementor-element-ad2edd2 elementor-widget elementor-widget-image\" data-id=\"ad2edd2\" data-element_type=\"widget\" data-widget_type=\"image.default\">\n\t\t\t\t<div class=\"elementor-widget-container\">\n\t\t\t\t\t\t\t\t\t\t\t\t\t\t\t<img loading=\"lazy\" decoding=\"async\" width=\"670\" height=\"774\" src=\"https:\/\/domaine-de-colonat.fr\/wp-content\/uploads\/2024\/06\/Capture-decran-2024-06-12-a-18.07.19.png\" class=\"attachment-full size-full wp-image-1310\" alt=\"\" srcset=\"https:\/\/domaine-de-colonat.fr\/wp-content\/uploads\/2024\/06\/Capture-decran-2024-06-12-a-18.07.19.png 670w, https:\/\/domaine-de-colonat.fr\/wp-content\/uploads\/2024\/06\/Capture-decran-2024-06-12-a-18.07.19-260x300.png 260w, https:\/\/domaine-de-colonat.fr\/wp-content\/uploads\/2024\/06\/Capture-decran-2024-06-12-a-18.07.19-10x12.png 10w\" sizes=\"auto, (max-width: 670px) 100vw, 670px\" \/>\t\t\t\t\t\t\t\t\t\t\t\t\t\t\t<\/div>\n\t\t\t\t<\/div>\n\t\t\t\t<div class=\"elementor-element elementor-element-a6708fc elementor-widget elementor-widget-image\" data-id=\"a6708fc\" data-element_type=\"widget\" data-widget_type=\"image.default\">\n\t\t\t\t<div class=\"elementor-widget-container\">\n\t\t\t\t\t\t\t\t\t\t\t\t\t\t\t<img loading=\"lazy\" decoding=\"async\" width=\"175\" height=\"175\" src=\"https:\/\/domaine-de-colonat.fr\/wp-content\/uploads\/2024\/06\/medal-2024-critics-choice.png\" class=\"attachment-full size-full wp-image-1217\" alt=\"\" srcset=\"https:\/\/domaine-de-colonat.fr\/wp-content\/uploads\/2024\/06\/medal-2024-critics-choice.png 175w, https:\/\/domaine-de-colonat.fr\/wp-content\/uploads\/2024\/06\/medal-2024-critics-choice-150x150.png 150w, https:\/\/domaine-de-colonat.fr\/wp-content\/uploads\/2024\/06\/medal-2024-critics-choice-12x12.png 12w\" sizes=\"auto, (max-width: 175px) 100vw, 175px\" \/>\t\t\t\t\t\t\t\t\t\t\t\t\t\t\t<\/div>\n\t\t\t\t<\/div>\n\t\t\t\t<div class=\"elementor-element elementor-element-4972708 elementor-widget elementor-widget-image\" data-id=\"4972708\" data-element_type=\"widget\" data-widget_type=\"image.default\">\n\t\t\t\t<div class=\"elementor-widget-container\">\n\t\t\t\t\t\t\t\t\t\t\t\t\t\t\t<img loading=\"lazy\" decoding=\"async\" width=\"175\" height=\"175\" src=\"https:\/\/domaine-de-colonat.fr\/wp-content\/uploads\/2024\/06\/medal-2024-gold.png\" class=\"attachment-full size-full wp-image-1218\" alt=\"\" srcset=\"https:\/\/domaine-de-colonat.fr\/wp-content\/uploads\/2024\/06\/medal-2024-gold.png 175w, https:\/\/domaine-de-colonat.fr\/wp-content\/uploads\/2024\/06\/medal-2024-gold-150x150.png 150w, https:\/\/domaine-de-colonat.fr\/wp-content\/uploads\/2024\/06\/medal-2024-gold-12x12.png 12w\" sizes=\"auto, (max-width: 175px) 100vw, 175px\" \/>\t\t\t\t\t\t\t\t\t\t\t\t\t\t\t<\/div>\n\t\t\t\t<\/div>\n\t\t\t\t\t<\/div>\n\t\t<\/nav>\n\t\t\t\t\t\t\t<\/div>\n\t\t<\/section>\n\t\t\t\t<section class=\"elementor-section elementor-top-section elementor-element elementor-element-afb05c4 elementor-hidden-phone elementor-section-boxed elementor-section-height-default elementor-section-height-default\" data-id=\"afb05c4\" data-element_type=\"section\">\n\t\t\t\t\t\t<div class=\"elementor-container elementor-column-gap-default\">\n\t\t\t\t\t<div class=\"elementor-column elementor-col-100 elementor-top-column elementor-element elementor-element-120ea23\" data-id=\"120ea23\" data-element_type=\"column\">\n\t\t\t<div class=\"elementor-widget-wrap elementor-element-populated\">\n\t\t\t\t\t\t\t\t<div class=\"elementor-element elementor-element-ede3e1a elementor-widget elementor-widget-image\" data-id=\"ede3e1a\" data-element_type=\"widget\" data-widget_type=\"image.default\">\n\t\t\t\t<div class=\"elementor-widget-container\">\n\t\t\t\t\t\t\t\t\t\t\t\t\t\t\t<img loading=\"lazy\" decoding=\"async\" width=\"150\" height=\"75\" src=\"https:\/\/domaine-de-colonat.fr\/wp-content\/uploads\/2021\/03\/Capture-de\u0301cran-2021-03-30-a\u0300-19.00.03-e1636539677799.png\" class=\"attachment-full size-full wp-image-1082\" alt=\"\" \/>\t\t\t\t\t\t\t\t\t\t\t\t\t\t\t<\/div>\n\t\t\t\t<\/div>\n\t\t\t\t<div class=\"elementor-element elementor-element-0eefa99 elementor-widget elementor-widget-image\" data-id=\"0eefa99\" data-element_type=\"widget\" data-widget_type=\"image.default\">\n\t\t\t\t<div class=\"elementor-widget-container\">\n\t\t\t\t\t\t\t\t\t\t\t\t\t\t\t<img loading=\"lazy\" decoding=\"async\" width=\"150\" height=\"150\" src=\"https:\/\/domaine-de-colonat.fr\/wp-content\/uploads\/2021\/03\/Capture-de\u0301cran-2021-03-30-a\u0300-19.00.03-150x150.png\" class=\"attachment-thumbnail size-thumbnail wp-image-1082\" alt=\"\" \/>\t\t\t\t\t\t\t\t\t\t\t\t\t\t\t<\/div>\n\t\t\t\t<\/div>\n\t\t\t\t<div class=\"elementor-element elementor-element-10cef93 elementor-widget elementor-widget-image\" data-id=\"10cef93\" data-element_type=\"widget\" data-widget_type=\"image.default\">\n\t\t\t\t<div class=\"elementor-widget-container\">\n\t\t\t\t\t\t\t\t\t\t\t\t\t\t\t<img loading=\"lazy\" decoding=\"async\" width=\"150\" height=\"75\" src=\"https:\/\/domaine-de-colonat.fr\/wp-content\/uploads\/2021\/03\/Capture-de\u0301cran-2021-03-30-a\u0300-19.00.03-e1636539677799.png\" class=\"attachment-full size-full wp-image-1082\" alt=\"\" \/>\t\t\t\t\t\t\t\t\t\t\t\t\t\t\t<\/div>\n\t\t\t\t<\/div>\n\t\t\t\t<div class=\"elementor-element elementor-element-ce21fae elementor-widget elementor-widget-spacer\" data-id=\"ce21fae\" data-element_type=\"widget\" data-widget_type=\"spacer.default\">\n\t\t\t\t<div class=\"elementor-widget-container\">\n\t\t\t\t\t<div class=\"elementor-spacer\">\n\t\t\t<div class=\"elementor-spacer-inner\"><\/div>\n\t\t<\/div>\n\t\t\t\t<\/div>\n\t\t\t\t<\/div>\n\t\t\t\t\t<\/div>\n\t\t<\/div>\n\t\t\t\t\t\t\t<\/div>\n\t\t<\/section>\n\t\t\t\t\t\t\t<\/div>","protected":false},"excerpt":{"rendered":"","protected":false},"author":4,"featured_media":0,"parent":0,"menu_order":0,"comment_status":"closed","ping_status":"closed","template":"","meta":{"footnotes":""},"class_list":["post-8","page","type-page","status-publish","hentry"],"yoast_head":"<!-- This site is optimized with the Yoast SEO plugin v21.1 - https:\/\/yoast.com\/wordpress\/plugins\/seo\/ -->\n<title>Domaine de Colonat - Site Officiel<\/title>\n<meta name=\"description\" content=\"Bienvenue sur le site officiel du Domaine de Colonat. Un domaine viticole historique du Beaujolais, au c\u0153ur de l&#039;appellation MORGON produisant des cuv\u00e9es d&#039;exception, issues de s\u00e9lections parcellaires.\" \/>\n<meta name=\"robots\" content=\"index, follow, max-snippet:-1, max-image-preview:large, max-video-preview:-1\" \/>\n<link rel=\"canonical\" href=\"https:\/\/domaine-de-colonat.fr\/en\/\" \/>\n<meta property=\"og:locale\" content=\"en_US\" \/>\n<meta property=\"og:type\" content=\"article\" \/>\n<meta property=\"og:title\" content=\"Domaine de Colonat - Site Officiel\" \/>\n<meta property=\"og:description\" content=\"Bienvenue sur le site officiel du Domaine de Colonat. Un domaine viticole historique du Beaujolais, au c\u0153ur de l&#039;appellation MORGON produisant des cuv\u00e9es d&#039;exception, issues de s\u00e9lections parcellaires.\" \/>\n<meta property=\"og:url\" content=\"https:\/\/domaine-de-colonat.fr\/en\/\" \/>\n<meta property=\"og:site_name\" content=\"Domaine de Colonat\" \/>\n<meta property=\"article:modified_time\" content=\"2024-06-18T08:08:18+00:00\" \/>\n<meta property=\"og:image\" content=\"https:\/\/domaine-de-colonat.fr\/wp-content\/uploads\/2024\/06\/Capture-decran-2024-06-12-a-18.07.05.png\" \/>\n<meta name=\"twitter:card\" content=\"summary_large_image\" \/>\n<meta name=\"twitter:label1\" content=\"Est. reading time\" \/>\n\t<meta name=\"twitter:data1\" content=\"3 minutes\" \/>\n<script type=\"application\/ld+json\" class=\"yoast-schema-graph\">{\"@context\":\"https:\/\/schema.org\",\"@graph\":[{\"@type\":\"WebPage\",\"@id\":\"https:\/\/domaine-de-colonat.fr\/\",\"url\":\"https:\/\/domaine-de-colonat.fr\/\",\"name\":\"Domaine de Colonat - Site Officiel\",\"isPartOf\":{\"@id\":\"https:\/\/domaine-de-colonat.fr\/#website\"},\"datePublished\":\"2020-12-21T09:48:52+00:00\",\"dateModified\":\"2024-06-18T08:08:18+00:00\",\"description\":\"Bienvenue sur le site officiel du Domaine de Colonat. Un domaine viticole historique du Beaujolais, au c\u0153ur de l'appellation MORGON produisant des cuv\u00e9es d'exception, issues de s\u00e9lections parcellaires.\",\"breadcrumb\":{\"@id\":\"https:\/\/domaine-de-colonat.fr\/#breadcrumb\"},\"inLanguage\":\"en-US\",\"potentialAction\":[{\"@type\":\"ReadAction\",\"target\":[\"https:\/\/domaine-de-colonat.fr\/\"]}]},{\"@type\":\"BreadcrumbList\",\"@id\":\"https:\/\/domaine-de-colonat.fr\/#breadcrumb\",\"itemListElement\":[{\"@type\":\"ListItem\",\"position\":1,\"name\":\"Accueil\",\"item\":\"https:\/\/domaine-de-colonat.fr\/\"},{\"@type\":\"ListItem\",\"position\":2,\"name\":\"Accueil\"}]},{\"@type\":\"WebSite\",\"@id\":\"https:\/\/domaine-de-colonat.fr\/#website\",\"url\":\"https:\/\/domaine-de-colonat.fr\/\",\"name\":\"Domaine de Colonat\",\"description\":\"\",\"potentialAction\":[{\"@type\":\"SearchAction\",\"target\":{\"@type\":\"EntryPoint\",\"urlTemplate\":\"https:\/\/domaine-de-colonat.fr\/?s={search_term_string}\"},\"query-input\":\"required name=search_term_string\"}],\"inLanguage\":\"en-US\"}]}<\/script>\n<!-- \/ Yoast SEO plugin. -->","yoast_head_json":{"title":"Domaine de Colonat - Site Officiel","description":"Bienvenue sur le site officiel du Domaine de Colonat. Un domaine viticole historique du Beaujolais, au c\u0153ur de l'appellation MORGON produisant des cuv\u00e9es d'exception, issues de s\u00e9lections parcellaires.","robots":{"index":"index","follow":"follow","max-snippet":"max-snippet:-1","max-image-preview":"max-image-preview:large","max-video-preview":"max-video-preview:-1"},"canonical":"https:\/\/domaine-de-colonat.fr\/en\/","og_locale":"en_US","og_type":"article","og_title":"Domaine de Colonat - Site Officiel","og_description":"Bienvenue sur le site officiel du Domaine de Colonat. Un domaine viticole historique du Beaujolais, au c\u0153ur de l'appellation MORGON produisant des cuv\u00e9es d'exception, issues de s\u00e9lections parcellaires.","og_url":"https:\/\/domaine-de-colonat.fr\/en\/","og_site_name":"Domaine de Colonat","article_modified_time":"2024-06-18T08:08:18+00:00","og_image":[{"url":"https:\/\/domaine-de-colonat.fr\/wp-content\/uploads\/2024\/06\/Capture-decran-2024-06-12-a-18.07.05.png"}],"twitter_card":"summary_large_image","twitter_misc":{"Est. reading time":"3 minutes"},"schema":{"@context":"https:\/\/schema.org","@graph":[{"@type":"WebPage","@id":"https:\/\/domaine-de-colonat.fr\/","url":"https:\/\/domaine-de-colonat.fr\/","name":"Domaine de Colonat - Site Officiel","isPartOf":{"@id":"https:\/\/domaine-de-colonat.fr\/#website"},"datePublished":"2020-12-21T09:48:52+00:00","dateModified":"2024-06-18T08:08:18+00:00","description":"Bienvenue sur le site officiel du Domaine de Colonat. Un domaine viticole historique du Beaujolais, au c\u0153ur de l'appellation MORGON produisant des cuv\u00e9es d'exception, issues de s\u00e9lections parcellaires.","breadcrumb":{"@id":"https:\/\/domaine-de-colonat.fr\/#breadcrumb"},"inLanguage":"en-US","potentialAction":[{"@type":"ReadAction","target":["https:\/\/domaine-de-colonat.fr\/"]}]},{"@type":"BreadcrumbList","@id":"https:\/\/domaine-de-colonat.fr\/#breadcrumb","itemListElement":[{"@type":"ListItem","position":1,"name":"Accueil","item":"https:\/\/domaine-de-colonat.fr\/"},{"@type":"ListItem","position":2,"name":"Accueil"}]},{"@type":"WebSite","@id":"https:\/\/domaine-de-colonat.fr\/#website","url":"https:\/\/domaine-de-colonat.fr\/","name":"Domaine de Colonat","description":"","potentialAction":[{"@type":"SearchAction","target":{"@type":"EntryPoint","urlTemplate":"https:\/\/domaine-de-colonat.fr\/?s={search_term_string}"},"query-input":"required name=search_term_string"}],"inLanguage":"en-US"}]}},"_links":{"self":[{"href":"https:\/\/domaine-de-colonat.fr\/en\/wp-json\/wp\/v2\/pages\/8","targetHints":{"allow":["GET"]}}],"collection":[{"href":"https:\/\/domaine-de-colonat.fr\/en\/wp-json\/wp\/v2\/pages"}],"about":[{"href":"https:\/\/domaine-de-colonat.fr\/en\/wp-json\/wp\/v2\/types\/page"}],"author":[{"embeddable":true,"href":"https:\/\/domaine-de-colonat.fr\/en\/wp-json\/wp\/v2\/users\/4"}],"replies":[{"embeddable":true,"href":"https:\/\/domaine-de-colonat.fr\/en\/wp-json\/wp\/v2\/comments?post=8"}],"version-history":[{"count":166,"href":"https:\/\/domaine-de-colonat.fr\/en\/wp-json\/wp\/v2\/pages\/8\/revisions"}],"predecessor-version":[{"id":1381,"href":"https:\/\/domaine-de-colonat.fr\/en\/wp-json\/wp\/v2\/pages\/8\/revisions\/1381"}],"wp:attachment":[{"href":"https:\/\/domaine-de-colonat.fr\/en\/wp-json\/wp\/v2\/media?parent=8"}],"curies":[{"name":"wp","href":"https:\/\/api.w.org\/{rel}","templated":true}]}}