{"id":46,"date":"2020-12-22T16:46:43","date_gmt":"2020-12-22T16:46:43","guid":{"rendered":"https:\/\/domaine-de-colonat.fr\/?page_id=46"},"modified":"2021-11-10T09:09:00","modified_gmt":"2021-11-10T09:09:00","slug":"le-domaine","status":"publish","type":"page","link":"https:\/\/domaine-de-colonat.fr\/en\/le-domaine","title":{"rendered":"Le Domaine"},"content":{"rendered":"<div data-elementor-type=\"wp-page\" data-elementor-id=\"46\" class=\"elementor elementor-46\">\n\t\t\t\t\t\t\t\t\t<section class=\"elementor-section elementor-top-section elementor-element elementor-element-15517334 elementor-section-full_width elementor-section-height-default elementor-section-height-default\" data-id=\"15517334\" data-element_type=\"section\">\n\t\t\t\t\t\t<div class=\"elementor-container elementor-column-gap-default\">\n\t\t\t\t\t<div class=\"elementor-column elementor-col-50 elementor-top-column elementor-element elementor-element-431c8cfc\" data-id=\"431c8cfc\" data-element_type=\"column\" data-settings=\"{&quot;background_background&quot;:&quot;classic&quot;}\">\n\t\t\t<div class=\"elementor-widget-wrap elementor-element-populated\">\n\t\t\t\t\t\t\t\t<div class=\"elementor-element elementor-element-7879c124 elementor-widget elementor-widget-spacer\" data-id=\"7879c124\" data-element_type=\"widget\" data-widget_type=\"spacer.default\">\n\t\t\t\t<div class=\"elementor-widget-container\">\n\t\t\t\t\t<div class=\"elementor-spacer\">\n\t\t\t<div class=\"elementor-spacer-inner\"><\/div>\n\t\t<\/div>\n\t\t\t\t<\/div>\n\t\t\t\t<\/div>\n\t\t\t\t\t<\/div>\n\t\t<\/div>\n\t\t\t\t<div class=\"elementor-column elementor-col-50 elementor-top-column elementor-element elementor-element-40e5f81b\" data-id=\"40e5f81b\" data-element_type=\"column\">\n\t\t\t<div class=\"elementor-widget-wrap elementor-element-populated\">\n\t\t\t\t\t\t\t\t<div class=\"elementor-element elementor-element-3514d3f4 elementor-widget elementor-widget-heading\" data-id=\"3514d3f4\" data-element_type=\"widget\" data-widget_type=\"heading.default\">\n\t\t\t\t<div class=\"elementor-widget-container\">\n\t\t\t<h2 class=\"elementor-heading-title elementor-size-default\">LE DOMAINE<\/h2>\t\t<\/div>\n\t\t\t\t<\/div>\n\t\t\t\t<div class=\"elementor-element elementor-element-6e9bf1f elementor-widget elementor-widget-text-editor\" data-id=\"6e9bf1f\" data-element_type=\"widget\" data-widget_type=\"text-editor.default\">\n\t\t\t\t<div class=\"elementor-widget-container\">\n\t\t\t\t\t\t\t<p class=\"p1\">Aujourd\u2019hui, Thomas COLLONGE, 7eme g\u00e9n\u00e9ration, poursuit l\u2019histoire du domaine de Colonat avec sa femme Julie.<span class=\"Apple-converted-space\">&nbsp;<\/span><\/p>\n<p class=\"p3\">Apr\u00e8s des \u00e9tudes en Viticulture \u0152nologie \u00e0 Beaune, Thomas a pu continuer \u00e0 se former en vinification dans diff\u00e9rentes r\u00e9gions.<span class=\"Apple-converted-space\">&nbsp; <\/span>Au Clos du Caillou en Appellation Ch\u00e2teauneuf- du-Pape, chez Vincent GiRARDIN \u00e0 Meursault en Bourgogne, chez<span class=\"Apple-converted-space\">&nbsp; <\/span>Jamieson\u2019s Run Winery en Coonawarra Valley en Australie.<span class=\"Apple-converted-space\">&nbsp;<\/span><\/p>\n<p class=\"p3\">C\u2019est en 2008 qu\u2019il rejoint le domaine familial, pour s\u2019associer avec ses parents Christine et Bernard Collonge. Pendant 10 ans Bernard transmettra son savoir-faire, et ensemble ils continueront \u00e0 faire avancer le Domaine vers toujours plus de qualit\u00e9, de pr\u00e9cision pour des vins au style unique.<span class=\"Apple-converted-space\">&nbsp;<\/span><\/p>\n<p class=\"p3\">Depuis 2018, Julie et Thomas continuent l&rsquo;\u00e9criture de cette histoire en int\u00e9grant comme chaque g\u00e9n\u00e9ration avant eux, leur personnalit\u00e9 dans leurs vins.<\/p>\t\t\t\t\t\t<\/div>\n\t\t\t\t<\/div>\n\t\t\t\t\t<\/div>\n\t\t<\/div>\n\t\t\t\t\t\t\t<\/div>\n\t\t<\/section>\n\t\t\t\t<section class=\"elementor-section elementor-top-section elementor-element elementor-element-2ee3d292 elementor-section-full_width elementor-reverse-tablet elementor-reverse-mobile elementor-section-height-default elementor-section-height-default\" data-id=\"2ee3d292\" data-element_type=\"section\">\n\t\t\t\t\t\t<div class=\"elementor-container elementor-column-gap-default\">\n\t\t\t\t\t<div class=\"elementor-column elementor-col-50 elementor-top-column elementor-element elementor-element-5013aa40\" data-id=\"5013aa40\" data-element_type=\"column\">\n\t\t\t<div class=\"elementor-widget-wrap elementor-element-populated\">\n\t\t\t\t\t\t\t\t<div class=\"elementor-element elementor-element-1a40ffe elementor-widget elementor-widget-heading\" data-id=\"1a40ffe\" data-element_type=\"widget\" data-widget_type=\"heading.default\">\n\t\t\t\t<div class=\"elementor-widget-container\">\n\t\t\t<h2 class=\"elementor-heading-title elementor-size-default\">Passion et rigueur<\/h2>\t\t<\/div>\n\t\t\t\t<\/div>\n\t\t\t\t<div class=\"elementor-element elementor-element-f63c02f elementor-widget elementor-widget-text-editor\" data-id=\"f63c02f\" data-element_type=\"widget\" data-widget_type=\"text-editor.default\">\n\t\t\t\t<div class=\"elementor-widget-container\">\n\t\t\t\t\t\t\t<p class=\"p2\">Notre domaine s\u2019\u00e9tend sur 12 Hectares de vignes r\u00e9partis sur 7 appellations\u00a0:<span class=\"Apple-converted-space\">\u00a0<\/span><\/p><p class=\"p2\">MORGON \/ MOULIN A VENT\/ CHIROUBLES \/ BROUILLY \/ REGNIE \/ BEAUJOLAIS-VILLAGES Rouge \/ BEAUJOLAIS-VILLAGES Blanc.<span class=\"Apple-converted-space\">\u00a0<\/span><\/p><p class=\"p2\">Vignerons artisans, nous cultivons nos vignes, vinifions et commercialisons nos vins.<\/p><p class=\"p2\">Se sont milles gestes au quotidiens, r\u00e9alis\u00e9s avec la plus extr\u00eame minutie et la plus grande passion, tout au long de l\u2019ann\u00e9e, de la vigne \u00e0 la cave, qui font de chacones de nos bouteilles, des vins d\u2019exception.<span class=\"Apple-converted-space\">\u00a0 <\/span><br \/>Nos meilleurs ambassadeurs en France et dans le monde sont les sommeliers, restaurateurs, cavistes, importateurs, amateurs \u00e9clair\u00e9s, professionnels ou amoureux du vin.<\/p><p>Les nombreuses m\u00e9dailles dans diff\u00e9rents concours, articles et citations dans les guides chaque ann\u00e9e, confirment la qualit\u00e9 constante de nos vins.<\/p><p class=\"p2\">La particularit\u00e9 de notre domaine est de chercher \u00e0 r\u00e9v\u00e9ler les plus belles p\u00e9pites du Beaujolais, en identifiant, classifiant les plus beaux terroirs. Nous avons \u00e0 c\u0153ur de mettre en lumi\u00e8re les plus beaux potentiels du Beaujolais.<span class=\"Apple-converted-space\">\u00a0<\/span><\/p>\t\t\t\t\t\t<\/div>\n\t\t\t\t<\/div>\n\t\t\t\t\t<\/div>\n\t\t<\/div>\n\t\t\t\t<div class=\"elementor-column elementor-col-50 elementor-top-column elementor-element elementor-element-48612ee4\" data-id=\"48612ee4\" data-element_type=\"column\" data-settings=\"{&quot;background_background&quot;:&quot;classic&quot;}\">\n\t\t\t<div class=\"elementor-widget-wrap elementor-element-populated\">\n\t\t\t\t\t\t\t\t<div class=\"elementor-element elementor-element-38c8c850 elementor-widget elementor-widget-spacer\" data-id=\"38c8c850\" data-element_type=\"widget\" data-widget_type=\"spacer.default\">\n\t\t\t\t<div class=\"elementor-widget-container\">\n\t\t\t\t\t<div class=\"elementor-spacer\">\n\t\t\t<div class=\"elementor-spacer-inner\"><\/div>\n\t\t<\/div>\n\t\t\t\t<\/div>\n\t\t\t\t<\/div>\n\t\t\t\t\t<\/div>\n\t\t<\/div>\n\t\t\t\t\t\t\t<\/div>\n\t\t<\/section>\n\t\t\t\t\t\t\t<\/div>","protected":false},"excerpt":{"rendered":"<p>LE DOMAINE Aujourd\u2019hui, Thomas COLLONGE, 7eme g\u00e9n\u00e9ration, poursuit l\u2019histoire du domaine de Colonat avec sa femme Julie.&nbsp; Apr\u00e8s des \u00e9tudes en Viticulture \u0152nologie \u00e0 Beaune, Thomas a pu continuer \u00e0 se former en vinification dans diff\u00e9rentes r\u00e9gions.&nbsp; Au Clos du Caillou en Appellation Ch\u00e2teauneuf- du-Pape, chez Vincent GiRARDIN \u00e0 Meursault en Bourgogne, chez&nbsp; Jamieson\u2019s Run [&hellip;]<\/p>","protected":false},"author":3,"featured_media":0,"parent":0,"menu_order":0,"comment_status":"closed","ping_status":"closed","template":"","meta":{"footnotes":""},"class_list":["post-46","page","type-page","status-publish","hentry"],"yoast_head":"<!-- This site is optimized with the Yoast SEO plugin v21.1 - https:\/\/yoast.com\/wordpress\/plugins\/seo\/ -->\n<title>Le Domaine - Domaine de Colonat<\/title>\n<meta name=\"robots\" content=\"index, follow, max-snippet:-1, max-image-preview:large, max-video-preview:-1\" \/>\n<link rel=\"canonical\" href=\"https:\/\/domaine-de-colonat.fr\/en\/le-domaine\/\" \/>\n<meta property=\"og:locale\" content=\"en_US\" \/>\n<meta property=\"og:type\" content=\"article\" \/>\n<meta property=\"og:title\" content=\"Le Domaine - Domaine de Colonat\" \/>\n<meta property=\"og:description\" content=\"LE DOMAINE Aujourd\u2019hui, Thomas COLLONGE, 7eme g\u00e9n\u00e9ration, poursuit l\u2019histoire du domaine de Colonat avec sa femme Julie.&nbsp; Apr\u00e8s des \u00e9tudes en Viticulture \u0152nologie \u00e0 Beaune, Thomas a pu continuer \u00e0 se former en vinification dans diff\u00e9rentes r\u00e9gions.&nbsp; Au Clos du Caillou en Appellation Ch\u00e2teauneuf- du-Pape, chez Vincent GiRARDIN \u00e0 Meursault en Bourgogne, chez&nbsp; Jamieson\u2019s Run [&hellip;]\" \/>\n<meta property=\"og:url\" content=\"https:\/\/domaine-de-colonat.fr\/en\/le-domaine\/\" \/>\n<meta property=\"og:site_name\" content=\"Domaine de Colonat\" \/>\n<meta property=\"article:modified_time\" content=\"2021-11-10T09:09:00+00:00\" \/>\n<meta name=\"twitter:card\" content=\"summary_large_image\" \/>\n<meta name=\"twitter:label1\" content=\"Est. reading time\" \/>\n\t<meta name=\"twitter:data1\" content=\"2 minutes\" \/>\n<script type=\"application\/ld+json\" class=\"yoast-schema-graph\">{\"@context\":\"https:\/\/schema.org\",\"@graph\":[{\"@type\":\"WebPage\",\"@id\":\"https:\/\/domaine-de-colonat.fr\/le-domaine\",\"url\":\"https:\/\/domaine-de-colonat.fr\/le-domaine\",\"name\":\"Le Domaine - Domaine de Colonat\",\"isPartOf\":{\"@id\":\"https:\/\/domaine-de-colonat.fr\/#website\"},\"datePublished\":\"2020-12-22T16:46:43+00:00\",\"dateModified\":\"2021-11-10T09:09:00+00:00\",\"breadcrumb\":{\"@id\":\"https:\/\/domaine-de-colonat.fr\/le-domaine#breadcrumb\"},\"inLanguage\":\"en-US\",\"potentialAction\":[{\"@type\":\"ReadAction\",\"target\":[\"https:\/\/domaine-de-colonat.fr\/le-domaine\"]}]},{\"@type\":\"BreadcrumbList\",\"@id\":\"https:\/\/domaine-de-colonat.fr\/le-domaine#breadcrumb\",\"itemListElement\":[{\"@type\":\"ListItem\",\"position\":1,\"name\":\"Accueil\",\"item\":\"https:\/\/domaine-de-colonat.fr\/\"},{\"@type\":\"ListItem\",\"position\":2,\"name\":\"Le Domaine\"}]},{\"@type\":\"WebSite\",\"@id\":\"https:\/\/domaine-de-colonat.fr\/#website\",\"url\":\"https:\/\/domaine-de-colonat.fr\/\",\"name\":\"Domaine de Colonat\",\"description\":\"\",\"potentialAction\":[{\"@type\":\"SearchAction\",\"target\":{\"@type\":\"EntryPoint\",\"urlTemplate\":\"https:\/\/domaine-de-colonat.fr\/?s={search_term_string}\"},\"query-input\":\"required name=search_term_string\"}],\"inLanguage\":\"en-US\"}]}<\/script>\n<!-- \/ Yoast SEO plugin. -->","yoast_head_json":{"title":"Le Domaine - Domaine de Colonat","robots":{"index":"index","follow":"follow","max-snippet":"max-snippet:-1","max-image-preview":"max-image-preview:large","max-video-preview":"max-video-preview:-1"},"canonical":"https:\/\/domaine-de-colonat.fr\/en\/le-domaine\/","og_locale":"en_US","og_type":"article","og_title":"Le Domaine - Domaine de Colonat","og_description":"LE DOMAINE Aujourd\u2019hui, Thomas COLLONGE, 7eme g\u00e9n\u00e9ration, poursuit l\u2019histoire du domaine de Colonat avec sa femme Julie.&nbsp; Apr\u00e8s des \u00e9tudes en Viticulture \u0152nologie \u00e0 Beaune, Thomas a pu continuer \u00e0 se former en vinification dans diff\u00e9rentes r\u00e9gions.&nbsp; Au Clos du Caillou en Appellation Ch\u00e2teauneuf- du-Pape, chez Vincent GiRARDIN \u00e0 Meursault en Bourgogne, chez&nbsp; Jamieson\u2019s Run [&hellip;]","og_url":"https:\/\/domaine-de-colonat.fr\/en\/le-domaine\/","og_site_name":"Domaine de Colonat","article_modified_time":"2021-11-10T09:09:00+00:00","twitter_card":"summary_large_image","twitter_misc":{"Est. reading time":"2 minutes"},"schema":{"@context":"https:\/\/schema.org","@graph":[{"@type":"WebPage","@id":"https:\/\/domaine-de-colonat.fr\/le-domaine","url":"https:\/\/domaine-de-colonat.fr\/le-domaine","name":"Le Domaine - Domaine de Colonat","isPartOf":{"@id":"https:\/\/domaine-de-colonat.fr\/#website"},"datePublished":"2020-12-22T16:46:43+00:00","dateModified":"2021-11-10T09:09:00+00:00","breadcrumb":{"@id":"https:\/\/domaine-de-colonat.fr\/le-domaine#breadcrumb"},"inLanguage":"en-US","potentialAction":[{"@type":"ReadAction","target":["https:\/\/domaine-de-colonat.fr\/le-domaine"]}]},{"@type":"BreadcrumbList","@id":"https:\/\/domaine-de-colonat.fr\/le-domaine#breadcrumb","itemListElement":[{"@type":"ListItem","position":1,"name":"Accueil","item":"https:\/\/domaine-de-colonat.fr\/"},{"@type":"ListItem","position":2,"name":"Le Domaine"}]},{"@type":"WebSite","@id":"https:\/\/domaine-de-colonat.fr\/#website","url":"https:\/\/domaine-de-colonat.fr\/","name":"Domaine de Colonat","description":"","potentialAction":[{"@type":"SearchAction","target":{"@type":"EntryPoint","urlTemplate":"https:\/\/domaine-de-colonat.fr\/?s={search_term_string}"},"query-input":"required name=search_term_string"}],"inLanguage":"en-US"}]}},"_links":{"self":[{"href":"https:\/\/domaine-de-colonat.fr\/en\/wp-json\/wp\/v2\/pages\/46","targetHints":{"allow":["GET"]}}],"collection":[{"href":"https:\/\/domaine-de-colonat.fr\/en\/wp-json\/wp\/v2\/pages"}],"about":[{"href":"https:\/\/domaine-de-colonat.fr\/en\/wp-json\/wp\/v2\/types\/page"}],"author":[{"embeddable":true,"href":"https:\/\/domaine-de-colonat.fr\/en\/wp-json\/wp\/v2\/users\/3"}],"replies":[{"embeddable":true,"href":"https:\/\/domaine-de-colonat.fr\/en\/wp-json\/wp\/v2\/comments?post=46"}],"version-history":[{"count":58,"href":"https:\/\/domaine-de-colonat.fr\/en\/wp-json\/wp\/v2\/pages\/46\/revisions"}],"predecessor-version":[{"id":1178,"href":"https:\/\/domaine-de-colonat.fr\/en\/wp-json\/wp\/v2\/pages\/46\/revisions\/1178"}],"wp:attachment":[{"href":"https:\/\/domaine-de-colonat.fr\/en\/wp-json\/wp\/v2\/media?parent=46"}],"curies":[{"name":"wp","href":"https:\/\/api.w.org\/{rel}","templated":true}]}}