{"id":356,"date":"2021-02-11T13:18:52","date_gmt":"2021-02-11T13:18:52","guid":{"rendered":"https:\/\/domaine-de-colonat.fr\/?page_id=356"},"modified":"2021-03-23T15:41:11","modified_gmt":"2021-03-23T15:41:11","slug":"loeil-de-lartiste","status":"publish","type":"page","link":"https:\/\/domaine-de-colonat.fr\/en\/loeil-de-lartiste","title":{"rendered":"l&rsquo;Oeil de l&rsquo;Artiste"},"content":{"rendered":"<div data-elementor-type=\"wp-page\" data-elementor-id=\"356\" class=\"elementor elementor-356\">\n\t\t\t\t\t\t\t\t\t<section class=\"elementor-section elementor-top-section elementor-element elementor-element-7d39319 elementor-section-boxed elementor-section-height-default elementor-section-height-default\" data-id=\"7d39319\" data-element_type=\"section\">\n\t\t\t\t\t\t<div class=\"elementor-container elementor-column-gap-default\">\n\t\t\t\t\t<div class=\"elementor-column elementor-col-100 elementor-top-column elementor-element elementor-element-2b7f691\" data-id=\"2b7f691\" data-element_type=\"column\">\n\t\t\t<div class=\"elementor-widget-wrap elementor-element-populated\">\n\t\t\t\t\t\t\t\t<div class=\"elementor-element elementor-element-75b139f elementor-widget elementor-widget-image\" data-id=\"75b139f\" data-element_type=\"widget\" data-widget_type=\"image.default\">\n\t\t\t\t<div class=\"elementor-widget-container\">\n\t\t\t\t\t\t\t\t\t\t\t\t\t\t\t<img loading=\"lazy\" decoding=\"async\" width=\"1000\" height=\"562\" src=\"https:\/\/domaine-de-colonat.fr\/wp-content\/uploads\/2021\/02\/Picpoul_0003\u00a9EPerrincopieweb.jpg\" class=\"attachment-full size-full wp-image-358\" alt=\"\" srcset=\"https:\/\/domaine-de-colonat.fr\/wp-content\/uploads\/2021\/02\/Picpoul_0003\u00a9EPerrincopieweb.jpg 1000w, https:\/\/domaine-de-colonat.fr\/wp-content\/uploads\/2021\/02\/Picpoul_0003\u00a9EPerrincopieweb-300x169.jpg 300w, https:\/\/domaine-de-colonat.fr\/wp-content\/uploads\/2021\/02\/Picpoul_0003\u00a9EPerrincopieweb-768x432.jpg 768w\" sizes=\"auto, (max-width: 1000px) 100vw, 1000px\" \/>\t\t\t\t\t\t\t\t\t\t\t\t\t\t\t<\/div>\n\t\t\t\t<\/div>\n\t\t\t\t<div class=\"elementor-element elementor-element-d83cb67 elementor-widget elementor-widget-heading\" data-id=\"d83cb67\" data-element_type=\"widget\" data-widget_type=\"heading.default\">\n\t\t\t\t<div class=\"elementor-widget-container\">\n\t\t\t<h2 class=\"elementor-heading-title elementor-size-default\">L'oeil de l'artiste<\/h2>\t\t<\/div>\n\t\t\t\t<\/div>\n\t\t\t\t<div class=\"elementor-element elementor-element-d69f215 elementor-widget elementor-widget-text-editor\" data-id=\"d69f215\" data-element_type=\"widget\" data-widget_type=\"text-editor.default\">\n\t\t\t\t<div class=\"elementor-widget-container\">\n\t\t\t\t\t\t\t<p>Photographe ind\u00e9pendant depuis plus de 25 ans, Emmanuel Perrin travaille pour la publicit\u00e9 et la communication institutionnelle, pour de nombreuses agences et entreprises.<\/p><p>Il publie des commandes pour la presse magazine (Terre de Vins, T\u00e9l\u00e9rama, l\u2019Express, Ciel et Espace).<br \/>Laur\u00e9at 2012 du Grand Prix Terroir d\u2019Images.<\/p><p>Les artistes et cr\u00e9ateurs contemporains, c\u00e9ramistes, sculpteurs, font appel \u00e0 lui pour photographier leurs cr\u00e9ations.<br \/>Depuis ces derni\u00e8res ann\u00e9es, il d\u00e9veloppe une activit\u00e9 d\u2019enseignement de la photographie.<br \/>Son travail a d\u00e9j\u00e0 \u00e9t\u00e9 pr\u00e9sent\u00e9 lors de plusieurs expositions, \u00e0 Paris et en r\u00e9gion.<\/p><p>Livres parus aux \u00c9ditions de La Martini\u00e8re et aux \u00c9ditions Sud-Ouest<\/p>\t\t\t\t\t\t<\/div>\n\t\t\t\t<\/div>\n\t\t\t\t<div class=\"elementor-element elementor-element-af66aaf elementor-widget elementor-widget-image\" data-id=\"af66aaf\" data-element_type=\"widget\" data-widget_type=\"image.default\">\n\t\t\t\t<div class=\"elementor-widget-container\">\n\t\t\t\t\t\t\t\t\t\t\t\t\t\t\t\t<a href=\"https:\/\/www.emmanuelperrin.fr\/\">\n\t\t\t\t\t\t\t<img loading=\"lazy\" decoding=\"async\" width=\"1018\" height=\"100\" src=\"https:\/\/domaine-de-colonat.fr\/wp-content\/uploads\/2021\/02\/LOGO-EMMANUEL.png\" class=\"attachment-full size-full wp-image-359\" alt=\"\" srcset=\"https:\/\/domaine-de-colonat.fr\/wp-content\/uploads\/2021\/02\/LOGO-EMMANUEL.png 1018w, https:\/\/domaine-de-colonat.fr\/wp-content\/uploads\/2021\/02\/LOGO-EMMANUEL-300x29.png 300w, https:\/\/domaine-de-colonat.fr\/wp-content\/uploads\/2021\/02\/LOGO-EMMANUEL-768x75.png 768w\" sizes=\"auto, (max-width: 1018px) 100vw, 1018px\" \/>\t\t\t\t\t\t\t\t<\/a>\n\t\t\t\t\t\t\t\t\t\t\t\t\t\t\t<\/div>\n\t\t\t\t<\/div>\n\t\t\t\t<div class=\"elementor-element elementor-element-1e65041 elementor-widget elementor-widget-text-editor\" data-id=\"1e65041\" data-element_type=\"widget\" data-widget_type=\"text-editor.default\">\n\t\t\t\t<div class=\"elementor-widget-container\">\n\t\t\t\t\t\t\t<p>Ces photographies ont \u00e9t\u00e9 r\u00e9alis\u00e9es par EMMANUEL PERRIN en Juin 2020 pour illustrer le Livre \u00ab\u00a0Fascinant Rh\u00f4ne\u00a0\u00bb, paru aux \u00e9ditions Sud-Ouest.<\/p><p>Cette s\u00e9rie de photographies met en avant le portrait intime et humain, de vignerons ind\u00e9pendants dans leur travail.<\/p>\t\t\t\t\t\t<\/div>\n\t\t\t\t<\/div>\n\t\t\t\t\t<\/div>\n\t\t<\/div>\n\t\t\t\t\t\t\t<\/div>\n\t\t<\/section>\n\t\t\t\t<section class=\"elementor-section elementor-top-section elementor-element elementor-element-df77de8 elementor-section-boxed elementor-section-height-default elementor-section-height-default\" data-id=\"df77de8\" data-element_type=\"section\">\n\t\t\t\t\t\t<div class=\"elementor-container elementor-column-gap-default\">\n\t\t\t\t\t<div class=\"elementor-column elementor-col-100 elementor-top-column elementor-element elementor-element-e72e9e2\" data-id=\"e72e9e2\" data-element_type=\"column\">\n\t\t\t<div class=\"elementor-widget-wrap elementor-element-populated\">\n\t\t\t\t\t\t\t\t<div class=\"elementor-element elementor-element-8f7c046 elementor-widget elementor-widget-image\" data-id=\"8f7c046\" data-element_type=\"widget\" data-widget_type=\"image.default\">\n\t\t\t\t<div class=\"elementor-widget-container\">\n\t\t\t\t\t\t\t\t\t\t\t\t\t\t\t<img loading=\"lazy\" decoding=\"async\" width=\"1707\" height=\"2560\" src=\"https:\/\/domaine-de-colonat.fr\/wp-content\/uploads\/2021\/02\/Colonat\u00a9EPerrin_023HD-scaled.jpg\" class=\"attachment-full size-full wp-image-366\" alt=\"\" srcset=\"https:\/\/domaine-de-colonat.fr\/wp-content\/uploads\/2021\/02\/Colonat\u00a9EPerrin_023HD-scaled.jpg 1707w, https:\/\/domaine-de-colonat.fr\/wp-content\/uploads\/2021\/02\/Colonat\u00a9EPerrin_023HD-200x300.jpg 200w, https:\/\/domaine-de-colonat.fr\/wp-content\/uploads\/2021\/02\/Colonat\u00a9EPerrin_023HD-683x1024.jpg 683w, https:\/\/domaine-de-colonat.fr\/wp-content\/uploads\/2021\/02\/Colonat\u00a9EPerrin_023HD-768x1152.jpg 768w, https:\/\/domaine-de-colonat.fr\/wp-content\/uploads\/2021\/02\/Colonat\u00a9EPerrin_023HD-1024x1536.jpg 1024w, https:\/\/domaine-de-colonat.fr\/wp-content\/uploads\/2021\/02\/Colonat\u00a9EPerrin_023HD-1365x2048.jpg 1365w\" sizes=\"auto, (max-width: 1707px) 100vw, 1707px\" \/>\t\t\t\t\t\t\t\t\t\t\t\t\t\t\t<\/div>\n\t\t\t\t<\/div>\n\t\t\t\t<div class=\"elementor-element elementor-element-d0dba63 elementor-widget elementor-widget-image\" data-id=\"d0dba63\" data-element_type=\"widget\" data-widget_type=\"image.default\">\n\t\t\t\t<div class=\"elementor-widget-container\">\n\t\t\t\t\t\t\t\t\t\t\t\t\t\t\t<img loading=\"lazy\" decoding=\"async\" width=\"800\" height=\"1200\" src=\"https:\/\/domaine-de-colonat.fr\/wp-content\/uploads\/2021\/02\/Colonat\u00a9EPerrin_107HD.jpg\" class=\"attachment-full size-full wp-image-367\" alt=\"\" srcset=\"https:\/\/domaine-de-colonat.fr\/wp-content\/uploads\/2021\/02\/Colonat\u00a9EPerrin_107HD.jpg 800w, https:\/\/domaine-de-colonat.fr\/wp-content\/uploads\/2021\/02\/Colonat\u00a9EPerrin_107HD-200x300.jpg 200w, https:\/\/domaine-de-colonat.fr\/wp-content\/uploads\/2021\/02\/Colonat\u00a9EPerrin_107HD-683x1024.jpg 683w, https:\/\/domaine-de-colonat.fr\/wp-content\/uploads\/2021\/02\/Colonat\u00a9EPerrin_107HD-768x1152.jpg 768w\" sizes=\"auto, (max-width: 800px) 100vw, 800px\" \/>\t\t\t\t\t\t\t\t\t\t\t\t\t\t\t<\/div>\n\t\t\t\t<\/div>\n\t\t\t\t<div class=\"elementor-element elementor-element-4f25abb elementor-widget elementor-widget-image\" data-id=\"4f25abb\" data-element_type=\"widget\" data-widget_type=\"image.default\">\n\t\t\t\t<div class=\"elementor-widget-container\">\n\t\t\t\t\t\t\t\t\t\t\t\t\t\t\t<img loading=\"lazy\" decoding=\"async\" width=\"800\" height=\"1200\" src=\"https:\/\/domaine-de-colonat.fr\/wp-content\/uploads\/2021\/02\/Colonat\u00a9EPerrin_294HD.jpg\" class=\"attachment-full size-full wp-image-371\" alt=\"\" srcset=\"https:\/\/domaine-de-colonat.fr\/wp-content\/uploads\/2021\/02\/Colonat\u00a9EPerrin_294HD.jpg 800w, https:\/\/domaine-de-colonat.fr\/wp-content\/uploads\/2021\/02\/Colonat\u00a9EPerrin_294HD-200x300.jpg 200w, https:\/\/domaine-de-colonat.fr\/wp-content\/uploads\/2021\/02\/Colonat\u00a9EPerrin_294HD-683x1024.jpg 683w, https:\/\/domaine-de-colonat.fr\/wp-content\/uploads\/2021\/02\/Colonat\u00a9EPerrin_294HD-768x1152.jpg 768w\" sizes=\"auto, (max-width: 800px) 100vw, 800px\" \/>\t\t\t\t\t\t\t\t\t\t\t\t\t\t\t<\/div>\n\t\t\t\t<\/div>\n\t\t\t\t<div class=\"elementor-element elementor-element-6b063eb elementor-widget elementor-widget-image\" data-id=\"6b063eb\" data-element_type=\"widget\" data-widget_type=\"image.default\">\n\t\t\t\t<div class=\"elementor-widget-container\">\n\t\t\t\t\t\t\t\t\t\t\t\t\t\t\t<img loading=\"lazy\" decoding=\"async\" width=\"1200\" height=\"800\" src=\"https:\/\/domaine-de-colonat.fr\/wp-content\/uploads\/2021\/02\/Colonat\u00a9EPerrin_274HD-1.png\" class=\"attachment-full size-full wp-image-642\" alt=\"\" srcset=\"https:\/\/domaine-de-colonat.fr\/wp-content\/uploads\/2021\/02\/Colonat\u00a9EPerrin_274HD-1.png 1200w, https:\/\/domaine-de-colonat.fr\/wp-content\/uploads\/2021\/02\/Colonat\u00a9EPerrin_274HD-1-300x200.png 300w, https:\/\/domaine-de-colonat.fr\/wp-content\/uploads\/2021\/02\/Colonat\u00a9EPerrin_274HD-1-1024x683.png 1024w, https:\/\/domaine-de-colonat.fr\/wp-content\/uploads\/2021\/02\/Colonat\u00a9EPerrin_274HD-1-768x512.png 768w\" sizes=\"auto, (max-width: 1200px) 100vw, 1200px\" \/>\t\t\t\t\t\t\t\t\t\t\t\t\t\t\t<\/div>\n\t\t\t\t<\/div>\n\t\t\t\t<div class=\"elementor-element elementor-element-e06ca6c elementor-widget elementor-widget-image\" data-id=\"e06ca6c\" data-element_type=\"widget\" data-widget_type=\"image.default\">\n\t\t\t\t<div class=\"elementor-widget-container\">\n\t\t\t\t\t\t\t\t\t\t\t\t\t\t\t<img loading=\"lazy\" decoding=\"async\" width=\"800\" height=\"1200\" src=\"https:\/\/domaine-de-colonat.fr\/wp-content\/uploads\/2021\/02\/Colonat\u00a9EPerrin_100HD.jpg\" class=\"attachment-full size-full wp-image-365\" alt=\"\" srcset=\"https:\/\/domaine-de-colonat.fr\/wp-content\/uploads\/2021\/02\/Colonat\u00a9EPerrin_100HD.jpg 800w, https:\/\/domaine-de-colonat.fr\/wp-content\/uploads\/2021\/02\/Colonat\u00a9EPerrin_100HD-200x300.jpg 200w, https:\/\/domaine-de-colonat.fr\/wp-content\/uploads\/2021\/02\/Colonat\u00a9EPerrin_100HD-683x1024.jpg 683w, https:\/\/domaine-de-colonat.fr\/wp-content\/uploads\/2021\/02\/Colonat\u00a9EPerrin_100HD-768x1152.jpg 768w\" sizes=\"auto, (max-width: 800px) 100vw, 800px\" \/>\t\t\t\t\t\t\t\t\t\t\t\t\t\t\t<\/div>\n\t\t\t\t<\/div>\n\t\t\t\t<div class=\"elementor-element elementor-element-3ac6eeb elementor-widget elementor-widget-image\" data-id=\"3ac6eeb\" data-element_type=\"widget\" data-widget_type=\"image.default\">\n\t\t\t\t<div class=\"elementor-widget-container\">\n\t\t\t\t\t\t\t\t\t\t\t\t\t\t\t<img loading=\"lazy\" decoding=\"async\" width=\"800\" height=\"1200\" src=\"https:\/\/domaine-de-colonat.fr\/wp-content\/uploads\/2021\/02\/Colonat\u00a9EPerrin_117HD.jpg\" class=\"attachment-full size-full wp-image-368\" alt=\"\" srcset=\"https:\/\/domaine-de-colonat.fr\/wp-content\/uploads\/2021\/02\/Colonat\u00a9EPerrin_117HD.jpg 800w, https:\/\/domaine-de-colonat.fr\/wp-content\/uploads\/2021\/02\/Colonat\u00a9EPerrin_117HD-200x300.jpg 200w, https:\/\/domaine-de-colonat.fr\/wp-content\/uploads\/2021\/02\/Colonat\u00a9EPerrin_117HD-683x1024.jpg 683w, https:\/\/domaine-de-colonat.fr\/wp-content\/uploads\/2021\/02\/Colonat\u00a9EPerrin_117HD-768x1152.jpg 768w\" sizes=\"auto, (max-width: 800px) 100vw, 800px\" \/>\t\t\t\t\t\t\t\t\t\t\t\t\t\t\t<\/div>\n\t\t\t\t<\/div>\n\t\t\t\t<div class=\"elementor-element elementor-element-d400824 elementor-widget elementor-widget-image\" data-id=\"d400824\" data-element_type=\"widget\" data-widget_type=\"image.default\">\n\t\t\t\t<div class=\"elementor-widget-container\">\n\t\t\t\t\t\t\t\t\t\t\t\t\t\t\t<img loading=\"lazy\" decoding=\"async\" width=\"800\" height=\"1200\" src=\"https:\/\/domaine-de-colonat.fr\/wp-content\/uploads\/2021\/02\/Colonat\u00a9EPerrin_336HD.jpg\" class=\"attachment-full size-full wp-image-315\" alt=\"\" srcset=\"https:\/\/domaine-de-colonat.fr\/wp-content\/uploads\/2021\/02\/Colonat\u00a9EPerrin_336HD.jpg 800w, https:\/\/domaine-de-colonat.fr\/wp-content\/uploads\/2021\/02\/Colonat\u00a9EPerrin_336HD-200x300.jpg 200w, https:\/\/domaine-de-colonat.fr\/wp-content\/uploads\/2021\/02\/Colonat\u00a9EPerrin_336HD-683x1024.jpg 683w, https:\/\/domaine-de-colonat.fr\/wp-content\/uploads\/2021\/02\/Colonat\u00a9EPerrin_336HD-768x1152.jpg 768w\" sizes=\"auto, (max-width: 800px) 100vw, 800px\" \/>\t\t\t\t\t\t\t\t\t\t\t\t\t\t\t<\/div>\n\t\t\t\t<\/div>\n\t\t\t\t<div class=\"elementor-element elementor-element-f22068c elementor-widget elementor-widget-image\" data-id=\"f22068c\" data-element_type=\"widget\" data-widget_type=\"image.default\">\n\t\t\t\t<div class=\"elementor-widget-container\">\n\t\t\t\t\t\t\t\t\t\t\t\t\t\t\t<img loading=\"lazy\" decoding=\"async\" width=\"800\" height=\"1200\" src=\"https:\/\/domaine-de-colonat.fr\/wp-content\/uploads\/2021\/02\/Colonat\u00a9EPerrin_063HD.jpg\" class=\"attachment-full size-full wp-image-364\" alt=\"\" srcset=\"https:\/\/domaine-de-colonat.fr\/wp-content\/uploads\/2021\/02\/Colonat\u00a9EPerrin_063HD.jpg 800w, https:\/\/domaine-de-colonat.fr\/wp-content\/uploads\/2021\/02\/Colonat\u00a9EPerrin_063HD-200x300.jpg 200w, https:\/\/domaine-de-colonat.fr\/wp-content\/uploads\/2021\/02\/Colonat\u00a9EPerrin_063HD-683x1024.jpg 683w, https:\/\/domaine-de-colonat.fr\/wp-content\/uploads\/2021\/02\/Colonat\u00a9EPerrin_063HD-768x1152.jpg 768w\" sizes=\"auto, (max-width: 800px) 100vw, 800px\" \/>\t\t\t\t\t\t\t\t\t\t\t\t\t\t\t<\/div>\n\t\t\t\t<\/div>\n\t\t\t\t<div class=\"elementor-element elementor-element-e271c82 elementor-widget elementor-widget-image\" data-id=\"e271c82\" data-element_type=\"widget\" data-widget_type=\"image.default\">\n\t\t\t\t<div class=\"elementor-widget-container\">\n\t\t\t\t\t\t\t\t\t\t\t\t\t\t\t<img loading=\"lazy\" decoding=\"async\" width=\"800\" height=\"1200\" src=\"https:\/\/domaine-de-colonat.fr\/wp-content\/uploads\/2021\/02\/Colonat\u00a9EPerrin_244HD.jpg\" class=\"attachment-full size-full wp-image-310\" alt=\"\" srcset=\"https:\/\/domaine-de-colonat.fr\/wp-content\/uploads\/2021\/02\/Colonat\u00a9EPerrin_244HD.jpg 800w, https:\/\/domaine-de-colonat.fr\/wp-content\/uploads\/2021\/02\/Colonat\u00a9EPerrin_244HD-200x300.jpg 200w, https:\/\/domaine-de-colonat.fr\/wp-content\/uploads\/2021\/02\/Colonat\u00a9EPerrin_244HD-683x1024.jpg 683w, https:\/\/domaine-de-colonat.fr\/wp-content\/uploads\/2021\/02\/Colonat\u00a9EPerrin_244HD-768x1152.jpg 768w\" sizes=\"auto, (max-width: 800px) 100vw, 800px\" \/>\t\t\t\t\t\t\t\t\t\t\t\t\t\t\t<\/div>\n\t\t\t\t<\/div>\n\t\t\t\t<div class=\"elementor-element elementor-element-fd9669d elementor-widget elementor-widget-image\" data-id=\"fd9669d\" data-element_type=\"widget\" data-widget_type=\"image.default\">\n\t\t\t\t<div class=\"elementor-widget-container\">\n\t\t\t\t\t\t\t\t\t\t\t\t\t\t\t<img loading=\"lazy\" decoding=\"async\" width=\"1200\" height=\"800\" src=\"https:\/\/domaine-de-colonat.fr\/wp-content\/uploads\/2021\/02\/Colonat\u00a9EPerrin_274HD.jpg\" class=\"attachment-full size-full wp-image-370\" alt=\"\" srcset=\"https:\/\/domaine-de-colonat.fr\/wp-content\/uploads\/2021\/02\/Colonat\u00a9EPerrin_274HD.jpg 1200w, https:\/\/domaine-de-colonat.fr\/wp-content\/uploads\/2021\/02\/Colonat\u00a9EPerrin_274HD-300x200.jpg 300w, https:\/\/domaine-de-colonat.fr\/wp-content\/uploads\/2021\/02\/Colonat\u00a9EPerrin_274HD-1024x683.jpg 1024w, https:\/\/domaine-de-colonat.fr\/wp-content\/uploads\/2021\/02\/Colonat\u00a9EPerrin_274HD-768x512.jpg 768w\" sizes=\"auto, (max-width: 1200px) 100vw, 1200px\" \/>\t\t\t\t\t\t\t\t\t\t\t\t\t\t\t<\/div>\n\t\t\t\t<\/div>\n\t\t\t\t<div class=\"elementor-element elementor-element-c6b84a9 elementor-widget elementor-widget-image\" data-id=\"c6b84a9\" data-element_type=\"widget\" data-widget_type=\"image.default\">\n\t\t\t\t<div class=\"elementor-widget-container\">\n\t\t\t\t\t\t\t\t\t\t\t\t\t\t\t<img loading=\"lazy\" decoding=\"async\" width=\"1200\" height=\"800\" src=\"https:\/\/domaine-de-colonat.fr\/wp-content\/uploads\/2021\/02\/Colonat\u00a9EPerrin_318HD.jpg\" class=\"attachment-full size-full wp-image-352\" alt=\"\" srcset=\"https:\/\/domaine-de-colonat.fr\/wp-content\/uploads\/2021\/02\/Colonat\u00a9EPerrin_318HD.jpg 1200w, https:\/\/domaine-de-colonat.fr\/wp-content\/uploads\/2021\/02\/Colonat\u00a9EPerrin_318HD-300x200.jpg 300w, https:\/\/domaine-de-colonat.fr\/wp-content\/uploads\/2021\/02\/Colonat\u00a9EPerrin_318HD-1024x683.jpg 1024w, https:\/\/domaine-de-colonat.fr\/wp-content\/uploads\/2021\/02\/Colonat\u00a9EPerrin_318HD-768x512.jpg 768w\" sizes=\"auto, (max-width: 1200px) 100vw, 1200px\" \/>\t\t\t\t\t\t\t\t\t\t\t\t\t\t\t<\/div>\n\t\t\t\t<\/div>\n\t\t\t\t<div class=\"elementor-element elementor-element-1cd279f elementor-widget elementor-widget-image\" data-id=\"1cd279f\" data-element_type=\"widget\" data-widget_type=\"image.default\">\n\t\t\t\t<div class=\"elementor-widget-container\">\n\t\t\t\t\t\t\t\t\t\t\t\t\t\t\t<img loading=\"lazy\" decoding=\"async\" width=\"1200\" height=\"800\" src=\"https:\/\/domaine-de-colonat.fr\/wp-content\/uploads\/2021\/02\/Colonat\u00a9EPerrin_432HD.jpg\" class=\"attachment-full size-full wp-image-373\" alt=\"\" srcset=\"https:\/\/domaine-de-colonat.fr\/wp-content\/uploads\/2021\/02\/Colonat\u00a9EPerrin_432HD.jpg 1200w, https:\/\/domaine-de-colonat.fr\/wp-content\/uploads\/2021\/02\/Colonat\u00a9EPerrin_432HD-300x200.jpg 300w, https:\/\/domaine-de-colonat.fr\/wp-content\/uploads\/2021\/02\/Colonat\u00a9EPerrin_432HD-1024x683.jpg 1024w, https:\/\/domaine-de-colonat.fr\/wp-content\/uploads\/2021\/02\/Colonat\u00a9EPerrin_432HD-768x512.jpg 768w\" sizes=\"auto, (max-width: 1200px) 100vw, 1200px\" \/>\t\t\t\t\t\t\t\t\t\t\t\t\t\t\t<\/div>\n\t\t\t\t<\/div>\n\t\t\t\t\t<\/div>\n\t\t<\/div>\n\t\t\t\t\t\t\t<\/div>\n\t\t<\/section>\n\t\t\t\t\t\t\t<\/div>","protected":false},"excerpt":{"rendered":"<p>L&rsquo;oeil de l&rsquo;artiste Photographe ind\u00e9pendant depuis plus de 25 ans, Emmanuel Perrin travaille pour la publicit\u00e9 et la communication institutionnelle, pour de nombreuses agences et entreprises. Il publie des commandes pour la presse magazine (Terre de Vins, T\u00e9l\u00e9rama, l\u2019Express, Ciel et Espace).Laur\u00e9at 2012 du Grand Prix Terroir d\u2019Images. Les artistes et cr\u00e9ateurs contemporains, c\u00e9ramistes, sculpteurs, [&hellip;]<\/p>","protected":false},"author":1,"featured_media":0,"parent":0,"menu_order":0,"comment_status":"closed","ping_status":"closed","template":"","meta":{"footnotes":""},"class_list":["post-356","page","type-page","status-publish","hentry"],"yoast_head":"<!-- This site is optimized with the Yoast SEO plugin v21.1 - https:\/\/yoast.com\/wordpress\/plugins\/seo\/ -->\n<title>l&#039;Oeil de l&#039;Artiste - Domaine de Colonat<\/title>\n<meta name=\"robots\" content=\"index, follow, max-snippet:-1, max-image-preview:large, max-video-preview:-1\" \/>\n<link rel=\"canonical\" href=\"https:\/\/domaine-de-colonat.fr\/en\/loeil-de-lartiste\/\" \/>\n<meta property=\"og:locale\" content=\"en_US\" \/>\n<meta property=\"og:type\" content=\"article\" \/>\n<meta property=\"og:title\" content=\"l&#039;Oeil de l&#039;Artiste - Domaine de Colonat\" \/>\n<meta property=\"og:description\" content=\"L&rsquo;oeil de l&rsquo;artiste Photographe ind\u00e9pendant depuis plus de 25 ans, Emmanuel Perrin travaille pour la publicit\u00e9 et la communication institutionnelle, pour de nombreuses agences et entreprises. Il publie des commandes pour la presse magazine (Terre de Vins, T\u00e9l\u00e9rama, l\u2019Express, Ciel et Espace).Laur\u00e9at 2012 du Grand Prix Terroir d\u2019Images. Les artistes et cr\u00e9ateurs contemporains, c\u00e9ramistes, sculpteurs, [&hellip;]\" \/>\n<meta property=\"og:url\" content=\"https:\/\/domaine-de-colonat.fr\/en\/loeil-de-lartiste\/\" \/>\n<meta property=\"og:site_name\" content=\"Domaine de Colonat\" \/>\n<meta property=\"article:modified_time\" content=\"2021-03-23T15:41:11+00:00\" \/>\n<meta property=\"og:image\" content=\"https:\/\/domaine-de-colonat.fr\/wp-content\/uploads\/2021\/02\/LOGO-EMMANUEL.png\" \/>\n<meta name=\"twitter:card\" content=\"summary_large_image\" \/>\n<meta name=\"twitter:label1\" content=\"Est. reading time\" \/>\n\t<meta name=\"twitter:data1\" content=\"1 minute\" \/>\n<script type=\"application\/ld+json\" class=\"yoast-schema-graph\">{\"@context\":\"https:\/\/schema.org\",\"@graph\":[{\"@type\":\"WebPage\",\"@id\":\"https:\/\/domaine-de-colonat.fr\/loeil-de-lartiste\",\"url\":\"https:\/\/domaine-de-colonat.fr\/loeil-de-lartiste\",\"name\":\"l'Oeil de l'Artiste - Domaine de Colonat\",\"isPartOf\":{\"@id\":\"https:\/\/domaine-de-colonat.fr\/#website\"},\"datePublished\":\"2021-02-11T13:18:52+00:00\",\"dateModified\":\"2021-03-23T15:41:11+00:00\",\"breadcrumb\":{\"@id\":\"https:\/\/domaine-de-colonat.fr\/loeil-de-lartiste#breadcrumb\"},\"inLanguage\":\"en-US\",\"potentialAction\":[{\"@type\":\"ReadAction\",\"target\":[\"https:\/\/domaine-de-colonat.fr\/loeil-de-lartiste\"]}]},{\"@type\":\"BreadcrumbList\",\"@id\":\"https:\/\/domaine-de-colonat.fr\/loeil-de-lartiste#breadcrumb\",\"itemListElement\":[{\"@type\":\"ListItem\",\"position\":1,\"name\":\"Accueil\",\"item\":\"https:\/\/domaine-de-colonat.fr\/\"},{\"@type\":\"ListItem\",\"position\":2,\"name\":\"l&rsquo;Oeil de l&rsquo;Artiste\"}]},{\"@type\":\"WebSite\",\"@id\":\"https:\/\/domaine-de-colonat.fr\/#website\",\"url\":\"https:\/\/domaine-de-colonat.fr\/\",\"name\":\"Domaine de Colonat\",\"description\":\"\",\"potentialAction\":[{\"@type\":\"SearchAction\",\"target\":{\"@type\":\"EntryPoint\",\"urlTemplate\":\"https:\/\/domaine-de-colonat.fr\/?s={search_term_string}\"},\"query-input\":\"required name=search_term_string\"}],\"inLanguage\":\"en-US\"}]}<\/script>\n<!-- \/ Yoast SEO plugin. -->","yoast_head_json":{"title":"l'Oeil de l'Artiste - Domaine de Colonat","robots":{"index":"index","follow":"follow","max-snippet":"max-snippet:-1","max-image-preview":"max-image-preview:large","max-video-preview":"max-video-preview:-1"},"canonical":"https:\/\/domaine-de-colonat.fr\/en\/loeil-de-lartiste\/","og_locale":"en_US","og_type":"article","og_title":"l'Oeil de l'Artiste - Domaine de Colonat","og_description":"L&rsquo;oeil de l&rsquo;artiste Photographe ind\u00e9pendant depuis plus de 25 ans, Emmanuel Perrin travaille pour la publicit\u00e9 et la communication institutionnelle, pour de nombreuses agences et entreprises. Il publie des commandes pour la presse magazine (Terre de Vins, T\u00e9l\u00e9rama, l\u2019Express, Ciel et Espace).Laur\u00e9at 2012 du Grand Prix Terroir d\u2019Images. Les artistes et cr\u00e9ateurs contemporains, c\u00e9ramistes, sculpteurs, [&hellip;]","og_url":"https:\/\/domaine-de-colonat.fr\/en\/loeil-de-lartiste\/","og_site_name":"Domaine de Colonat","article_modified_time":"2021-03-23T15:41:11+00:00","og_image":[{"url":"https:\/\/domaine-de-colonat.fr\/wp-content\/uploads\/2021\/02\/LOGO-EMMANUEL.png"}],"twitter_card":"summary_large_image","twitter_misc":{"Est. reading time":"1 minute"},"schema":{"@context":"https:\/\/schema.org","@graph":[{"@type":"WebPage","@id":"https:\/\/domaine-de-colonat.fr\/loeil-de-lartiste","url":"https:\/\/domaine-de-colonat.fr\/loeil-de-lartiste","name":"l'Oeil de l'Artiste - Domaine de Colonat","isPartOf":{"@id":"https:\/\/domaine-de-colonat.fr\/#website"},"datePublished":"2021-02-11T13:18:52+00:00","dateModified":"2021-03-23T15:41:11+00:00","breadcrumb":{"@id":"https:\/\/domaine-de-colonat.fr\/loeil-de-lartiste#breadcrumb"},"inLanguage":"en-US","potentialAction":[{"@type":"ReadAction","target":["https:\/\/domaine-de-colonat.fr\/loeil-de-lartiste"]}]},{"@type":"BreadcrumbList","@id":"https:\/\/domaine-de-colonat.fr\/loeil-de-lartiste#breadcrumb","itemListElement":[{"@type":"ListItem","position":1,"name":"Accueil","item":"https:\/\/domaine-de-colonat.fr\/"},{"@type":"ListItem","position":2,"name":"l&rsquo;Oeil de l&rsquo;Artiste"}]},{"@type":"WebSite","@id":"https:\/\/domaine-de-colonat.fr\/#website","url":"https:\/\/domaine-de-colonat.fr\/","name":"Domaine de Colonat","description":"","potentialAction":[{"@type":"SearchAction","target":{"@type":"EntryPoint","urlTemplate":"https:\/\/domaine-de-colonat.fr\/?s={search_term_string}"},"query-input":"required name=search_term_string"}],"inLanguage":"en-US"}]}},"_links":{"self":[{"href":"https:\/\/domaine-de-colonat.fr\/en\/wp-json\/wp\/v2\/pages\/356","targetHints":{"allow":["GET"]}}],"collection":[{"href":"https:\/\/domaine-de-colonat.fr\/en\/wp-json\/wp\/v2\/pages"}],"about":[{"href":"https:\/\/domaine-de-colonat.fr\/en\/wp-json\/wp\/v2\/types\/page"}],"author":[{"embeddable":true,"href":"https:\/\/domaine-de-colonat.fr\/en\/wp-json\/wp\/v2\/users\/1"}],"replies":[{"embeddable":true,"href":"https:\/\/domaine-de-colonat.fr\/en\/wp-json\/wp\/v2\/comments?post=356"}],"version-history":[{"count":79,"href":"https:\/\/domaine-de-colonat.fr\/en\/wp-json\/wp\/v2\/pages\/356\/revisions"}],"predecessor-version":[{"id":996,"href":"https:\/\/domaine-de-colonat.fr\/en\/wp-json\/wp\/v2\/pages\/356\/revisions\/996"}],"wp:attachment":[{"href":"https:\/\/domaine-de-colonat.fr\/en\/wp-json\/wp\/v2\/media?parent=356"}],"curies":[{"name":"wp","href":"https:\/\/api.w.org\/{rel}","templated":true}]}}