{"id":345,"date":"2021-02-11T12:56:42","date_gmt":"2021-02-11T12:56:42","guid":{"rendered":"https:\/\/domaine-de-colonat.fr\/?page_id=345"},"modified":"2021-03-23T17:36:17","modified_gmt":"2021-03-23T17:36:17","slug":"naissance-des-vins","status":"publish","type":"page","link":"https:\/\/domaine-de-colonat.fr\/en\/naissance-des-vins","title":{"rendered":"Naissance des vins"},"content":{"rendered":"<div data-elementor-type=\"wp-page\" data-elementor-id=\"345\" class=\"elementor elementor-345\">\n\t\t\t\t\t\t\t\t\t<section class=\"elementor-section elementor-top-section elementor-element elementor-element-2365ed2 elementor-section-full_width elementor-section-height-default elementor-section-height-default\" data-id=\"2365ed2\" data-element_type=\"section\">\n\t\t\t\t\t\t<div class=\"elementor-container elementor-column-gap-default\">\n\t\t\t\t\t<div class=\"elementor-column elementor-col-50 elementor-top-column elementor-element elementor-element-dad4264\" data-id=\"dad4264\" data-element_type=\"column\" data-settings=\"{&quot;background_background&quot;:&quot;classic&quot;}\">\n\t\t\t<div class=\"elementor-widget-wrap elementor-element-populated\">\n\t\t\t\t\t\t\t\t<div class=\"elementor-element elementor-element-12a8e9d elementor-widget elementor-widget-spacer\" data-id=\"12a8e9d\" data-element_type=\"widget\" data-widget_type=\"spacer.default\">\n\t\t\t\t<div class=\"elementor-widget-container\">\n\t\t\t\t\t<div class=\"elementor-spacer\">\n\t\t\t<div class=\"elementor-spacer-inner\"><\/div>\n\t\t<\/div>\n\t\t\t\t<\/div>\n\t\t\t\t<\/div>\n\t\t\t\t\t<\/div>\n\t\t<\/div>\n\t\t\t\t<div class=\"elementor-column elementor-col-50 elementor-top-column elementor-element elementor-element-db19402\" data-id=\"db19402\" data-element_type=\"column\">\n\t\t\t<div class=\"elementor-widget-wrap elementor-element-populated\">\n\t\t\t\t\t\t\t\t<div class=\"elementor-element elementor-element-742a177 elementor-widget elementor-widget-heading\" data-id=\"742a177\" data-element_type=\"widget\" data-widget_type=\"heading.default\">\n\t\t\t\t<div class=\"elementor-widget-container\">\n\t\t\t<h2 class=\"elementor-heading-title elementor-size-default\">Les conditions d\u2019un grand mill\u00e9sime<\/h2>\t\t<\/div>\n\t\t\t\t<\/div>\n\t\t\t\t<div class=\"elementor-element elementor-element-6a08858 elementor-widget elementor-widget-text-editor\" data-id=\"6a08858\" data-element_type=\"widget\" data-widget_type=\"text-editor.default\">\n\t\t\t\t<div class=\"elementor-widget-container\">\n\t\t\t\t\t\t\t<p>La r\u00e9ussite d\u2019un mill\u00e9sime de vin rouge est le r\u00e9sultat d\u2019une chaine de cinq conditions essentielles.<\/p><p>D\u2019abord une floraison rapide et pr\u00e9coce qui pr\u00e9dispose \u00e0 une v\u00e9raison group\u00e9e et \u00e0 une maturit\u00e9 homog\u00e8ne des raisins. Ensuite, un d\u00e9but de contrainte hydrique \u00e0 la nouaison qui limite la taille des baies et d\u00e9termine pr\u00e9cocement leur richesse tannique. Puis, et surtout, un arr\u00eat franc et d\u00e9finitif de la croissance des rameaux \u00e0 l\u2019approche de la v\u00e9raison, impos\u00e9 par une forte contrainte hydrique en Juillet. Une s\u00e9cheresse et une chaleur mod\u00e9r\u00e9es pendant la maturation du raisin, maintenant une contrainte hydrique suffisante mais sans exc\u00e8s pour favoriser la production de sucre, de couleur et d\u2019ar\u00f4me. Et enfin, un temps cl\u00e9ment faiblement arros\u00e9 pendant les vendanges, permettant d\u2019attendre, sans crainte de dilution ou de pourriture, la maturit\u00e9 maximum des raisins.<\/p><p>Un grand mill\u00e9sime de vins blancs secs est d\u00e9termin\u00e9 par une contrainte hydrique plus faible intervenant apr\u00e8s la v\u00e9raison, des temp\u00e9ratures diurnes mod\u00e9r\u00e9s et des nuits fra\u00eeches durant la maturation. L\u2019ar\u00f4me et l\u2019acidit\u00e9 du vin blanc sont ainsi pr\u00e9serv\u00e9s*<\/p><p>*extrait du Livre Autour d\u2019une bouteille avec Denis DUBOURDIEU<\/p>\t\t\t\t\t\t<\/div>\n\t\t\t\t<\/div>\n\t\t\t\t\t<\/div>\n\t\t<\/div>\n\t\t\t\t\t\t\t<\/div>\n\t\t<\/section>\n\t\t\t\t<section class=\"elementor-section elementor-top-section elementor-element elementor-element-9aeaa6e elementor-section-full_width elementor-reverse-tablet elementor-reverse-mobile elementor-section-height-default elementor-section-height-default\" data-id=\"9aeaa6e\" data-element_type=\"section\">\n\t\t\t\t\t\t<div class=\"elementor-container elementor-column-gap-default\">\n\t\t\t\t\t<div class=\"elementor-column elementor-col-50 elementor-top-column elementor-element elementor-element-af19248\" data-id=\"af19248\" data-element_type=\"column\">\n\t\t\t<div class=\"elementor-widget-wrap elementor-element-populated\">\n\t\t\t\t\t\t\t\t<div class=\"elementor-element elementor-element-3a88581 elementor-widget elementor-widget-heading\" data-id=\"3a88581\" data-element_type=\"widget\" data-widget_type=\"heading.default\">\n\t\t\t\t<div class=\"elementor-widget-container\">\n\t\t\t<h2 class=\"elementor-heading-title elementor-size-default\">Date de r\u00e9colte<\/h2>\t\t<\/div>\n\t\t\t\t<\/div>\n\t\t\t\t<div class=\"elementor-element elementor-element-0aaa7f3 elementor-widget elementor-widget-text-editor\" data-id=\"0aaa7f3\" data-element_type=\"widget\" data-widget_type=\"text-editor.default\">\n\t\t\t\t<div class=\"elementor-widget-container\">\n\t\t\t\t\t\t\t<p>Nous apportons une importance majeure au jour de la r\u00e9colte. Ramasser le raisin au moment optimum, quand la maturit\u00e9 est parfaitement atteinte, a une importance \u00e9norme. Le stade de maturit\u00e9 va influencer la qualit\u00e9 des tanins, l\u2019\u00e9quilibre alcool\/acidit\u00e9 du vin, l\u2019harmonie compl\u00e8te du vin.<\/p><p>Nous effectuons de nombreuses observations, contr\u00f4le de maturit\u00e9, d\u00e9gustation, avant la r\u00e9colte, afin de d\u00e9terminer la date de ce grand jour. Si la maturit\u00e9 est h\u00e9t\u00e9rog\u00e8ne s\u00fbr une m\u00eame parcelle, nous d\u00e9limitons ces diff\u00e9rentes zones, pour ramasser chacune au moment id\u00e9al. Nous faisons jusqu\u2019\u00e0 3 passages dans la m\u00eame parcelle.<\/p>\t\t\t\t\t\t<\/div>\n\t\t\t\t<\/div>\n\t\t\t\t\t<\/div>\n\t\t<\/div>\n\t\t\t\t<div class=\"elementor-column elementor-col-50 elementor-top-column elementor-element elementor-element-d80635d\" data-id=\"d80635d\" data-element_type=\"column\" data-settings=\"{&quot;background_background&quot;:&quot;classic&quot;}\">\n\t\t\t<div class=\"elementor-widget-wrap elementor-element-populated\">\n\t\t\t\t\t\t\t\t<div class=\"elementor-element elementor-element-4d47453 elementor-widget elementor-widget-spacer\" data-id=\"4d47453\" data-element_type=\"widget\" data-widget_type=\"spacer.default\">\n\t\t\t\t<div class=\"elementor-widget-container\">\n\t\t\t\t\t<div class=\"elementor-spacer\">\n\t\t\t<div class=\"elementor-spacer-inner\"><\/div>\n\t\t<\/div>\n\t\t\t\t<\/div>\n\t\t\t\t<\/div>\n\t\t\t\t\t<\/div>\n\t\t<\/div>\n\t\t\t\t\t\t\t<\/div>\n\t\t<\/section>\n\t\t\t\t<section class=\"elementor-section elementor-top-section elementor-element elementor-element-1b5ab18 elementor-section-full_width elementor-section-height-default elementor-section-height-default\" data-id=\"1b5ab18\" data-element_type=\"section\">\n\t\t\t\t\t\t<div class=\"elementor-container elementor-column-gap-default\">\n\t\t\t\t\t<div class=\"elementor-column elementor-col-50 elementor-top-column elementor-element elementor-element-9ad2642\" data-id=\"9ad2642\" data-element_type=\"column\" data-settings=\"{&quot;background_background&quot;:&quot;classic&quot;}\">\n\t\t\t<div class=\"elementor-widget-wrap elementor-element-populated\">\n\t\t\t\t\t\t\t\t<div class=\"elementor-element elementor-element-a6428bf elementor-widget elementor-widget-spacer\" data-id=\"a6428bf\" data-element_type=\"widget\" data-widget_type=\"spacer.default\">\n\t\t\t\t<div class=\"elementor-widget-container\">\n\t\t\t\t\t<div class=\"elementor-spacer\">\n\t\t\t<div class=\"elementor-spacer-inner\"><\/div>\n\t\t<\/div>\n\t\t\t\t<\/div>\n\t\t\t\t<\/div>\n\t\t\t\t\t<\/div>\n\t\t<\/div>\n\t\t\t\t<div class=\"elementor-column elementor-col-50 elementor-top-column elementor-element elementor-element-fcd8cdb\" data-id=\"fcd8cdb\" data-element_type=\"column\">\n\t\t\t<div class=\"elementor-widget-wrap elementor-element-populated\">\n\t\t\t\t\t\t\t\t<div class=\"elementor-element elementor-element-82be11b elementor-widget elementor-widget-heading\" data-id=\"82be11b\" data-element_type=\"widget\" data-widget_type=\"heading.default\">\n\t\t\t\t<div class=\"elementor-widget-container\">\n\t\t\t<h2 class=\"elementor-heading-title elementor-size-default\">S\u00e9lection minutieuse<\/h2>\t\t<\/div>\n\t\t\t\t<\/div>\n\t\t\t\t<div class=\"elementor-element elementor-element-6bfa862 elementor-widget elementor-widget-text-editor\" data-id=\"6bfa862\" data-element_type=\"widget\" data-widget_type=\"text-editor.default\">\n\t\t\t\t<div class=\"elementor-widget-container\">\n\t\t\t\t\t\t\t<p>Nos raisins sont vendang\u00e9s uniquement \u00e0 la main, et vont subir 3 tris successifs. 1 premier tri par le vendangeur qui laissera les grappes pas assez m\u00fbres ou atteinte de pourriture. Un deuxi\u00e8me tri, toujours \u00e0 la parcelle, avec 2 trieurs sur une table de tri, va continuer ce travail en ne s\u00e9lectionnant que les plus belles grappes. Pour finir, \u00e0 l\u2019arriv\u00e9e au cuvage, les raisins vont passer sur une table de tri vibrante qui va \u00e9liminer les insectes, les grains secs, et tal\u00e9s, suivit d\u2019une derni\u00e8re s\u00e9lection manuelle pour ne garder que les raisins \u00e0 la qualit\u00e9 optimale.<\/p>\t\t\t\t\t\t<\/div>\n\t\t\t\t<\/div>\n\t\t\t\t<div class=\"elementor-element elementor-element-bbaee4a elementor-widget elementor-widget-heading\" data-id=\"bbaee4a\" data-element_type=\"widget\" data-widget_type=\"heading.default\">\n\t\t\t\t<div class=\"elementor-widget-container\">\n\t\t\t<h2 class=\"elementor-heading-title elementor-size-default\">Doser l\u2019Eraflage<\/h2>\t\t<\/div>\n\t\t\t\t<\/div>\n\t\t\t\t<div class=\"elementor-element elementor-element-c571962 elementor-widget elementor-widget-text-editor\" data-id=\"c571962\" data-element_type=\"widget\" data-widget_type=\"text-editor.default\">\n\t\t\t\t<div class=\"elementor-widget-container\">\n\t\t\t\t\t\t\t<p>Nous raisonnons la quantit\u00e9 de grappes enti\u00e8re avec leur raffles ou de raisins \u00e9rafl\u00e9s en fonction des caract\u00e9ristiques de chaque mill\u00e9sime, de la maturit\u00e9 des rafles, de la taille des grains et de la concentration en jus. Selon ces multiples param\u00e8tres nous d\u00e9cidons le pourcentage d\u2019\u00e9raflage.<\/p>\t\t\t\t\t\t<\/div>\n\t\t\t\t<\/div>\n\t\t\t\t\t<\/div>\n\t\t<\/div>\n\t\t\t\t\t\t\t<\/div>\n\t\t<\/section>\n\t\t\t\t<section class=\"elementor-section elementor-top-section elementor-element elementor-element-5d4443d4 elementor-section-full_width elementor-reverse-tablet elementor-reverse-mobile elementor-section-height-default elementor-section-height-default\" data-id=\"5d4443d4\" data-element_type=\"section\">\n\t\t\t\t\t\t<div class=\"elementor-container elementor-column-gap-default\">\n\t\t\t\t\t<div class=\"elementor-column elementor-col-50 elementor-top-column elementor-element elementor-element-29f34ab4\" data-id=\"29f34ab4\" data-element_type=\"column\">\n\t\t\t<div class=\"elementor-widget-wrap elementor-element-populated\">\n\t\t\t\t\t\t\t\t<div class=\"elementor-element elementor-element-5a72d47 elementor-widget elementor-widget-heading\" data-id=\"5a72d47\" data-element_type=\"widget\" data-widget_type=\"heading.default\">\n\t\t\t\t<div class=\"elementor-widget-container\">\n\t\t\t<h2 class=\"elementor-heading-title elementor-size-default\">Fermentation et mac\u00e9ration<\/h2>\t\t<\/div>\n\t\t\t\t<\/div>\n\t\t\t\t<div class=\"elementor-element elementor-element-6b701d49 elementor-widget elementor-widget-text-editor\" data-id=\"6b701d49\" data-element_type=\"widget\" data-widget_type=\"text-editor.default\">\n\t\t\t\t<div class=\"elementor-widget-container\">\n\t\t\t\t\t\t\t<p>Les raisins sont ensuite mis en cuve pour la mac\u00e9ration et la fermentation alcoolique.<\/p><p>La vinification est une \u00e9tape cl\u00e9 qui ne fait pas la qualit\u00e9 du vin mais qui peut la perdre.<\/p><p>Le potentiel du vin est apport\u00e9 par le raisin. Notre travail consiste \u00e0 accompagner la vinification, \u00e0 la guider pour qu\u2019elle se passe au mieux, et pr\u00e9server ainsi le potentiel de qualit\u00e9 de d\u00e9part.<\/p><p>La fermentation alcoolique va s\u2019enclencher rapidement avec des levures naturelles.<\/p><p>Nous privil\u00e9gions une extraction lente et douce des tanins lors de cette mac\u00e9ration, par des remontages l\u00e9gers ou par grillage des cuves. Les pigeages et d\u00e9lestages nous semble trop brutale, en provoquant l\u2019extraction de tanins plus durs. La mac\u00e9ration va durer entre 10 et 18 jours selon le mill\u00e9sime et le potentiel de chaque origine.<\/p><p>Nous d\u00e9terminons le jour de d\u00e9cuvage par la d\u00e9gustation, lorsque l\u2019harmonie du vin nous semble atteinte. Le pressurage peut alors \u00eatre pratiqu\u00e9.<\/p><p>Sorti du pressoir, le jus de presse est assembl\u00e9 avec le jus de goutte.<\/p>\t\t\t\t\t\t<\/div>\n\t\t\t\t<\/div>\n\t\t\t\t\t<\/div>\n\t\t<\/div>\n\t\t\t\t<div class=\"elementor-column elementor-col-50 elementor-top-column elementor-element elementor-element-5fca7d6c\" data-id=\"5fca7d6c\" data-element_type=\"column\" data-settings=\"{&quot;background_background&quot;:&quot;classic&quot;}\">\n\t\t\t<div class=\"elementor-widget-wrap elementor-element-populated\">\n\t\t\t\t\t\t\t\t<div class=\"elementor-element elementor-element-3876be5b elementor-widget elementor-widget-spacer\" data-id=\"3876be5b\" data-element_type=\"widget\" data-widget_type=\"spacer.default\">\n\t\t\t\t<div class=\"elementor-widget-container\">\n\t\t\t\t\t<div class=\"elementor-spacer\">\n\t\t\t<div class=\"elementor-spacer-inner\"><\/div>\n\t\t<\/div>\n\t\t\t\t<\/div>\n\t\t\t\t<\/div>\n\t\t\t\t\t<\/div>\n\t\t<\/div>\n\t\t\t\t\t\t\t<\/div>\n\t\t<\/section>\n\t\t\t\t<section class=\"elementor-section elementor-top-section elementor-element elementor-element-16351adb elementor-section-full_width elementor-section-height-default elementor-section-height-default\" data-id=\"16351adb\" data-element_type=\"section\">\n\t\t\t\t\t\t<div class=\"elementor-container elementor-column-gap-default\">\n\t\t\t\t\t<div class=\"elementor-column elementor-col-50 elementor-top-column elementor-element elementor-element-221a0dc0\" data-id=\"221a0dc0\" data-element_type=\"column\" data-settings=\"{&quot;background_background&quot;:&quot;classic&quot;}\">\n\t\t\t<div class=\"elementor-widget-wrap elementor-element-populated\">\n\t\t\t\t\t\t\t\t<div class=\"elementor-element elementor-element-41fe1fda elementor-widget elementor-widget-spacer\" data-id=\"41fe1fda\" data-element_type=\"widget\" data-widget_type=\"spacer.default\">\n\t\t\t\t<div class=\"elementor-widget-container\">\n\t\t\t\t\t<div class=\"elementor-spacer\">\n\t\t\t<div class=\"elementor-spacer-inner\"><\/div>\n\t\t<\/div>\n\t\t\t\t<\/div>\n\t\t\t\t<\/div>\n\t\t\t\t\t<\/div>\n\t\t<\/div>\n\t\t\t\t<div class=\"elementor-column elementor-col-50 elementor-top-column elementor-element elementor-element-4146176d\" data-id=\"4146176d\" data-element_type=\"column\">\n\t\t\t<div class=\"elementor-widget-wrap elementor-element-populated\">\n\t\t\t\t\t\t\t\t<div class=\"elementor-element elementor-element-5855beb2 elementor-widget elementor-widget-heading\" data-id=\"5855beb2\" data-element_type=\"widget\" data-widget_type=\"heading.default\">\n\t\t\t\t<div class=\"elementor-widget-container\">\n\t\t\t<h2 class=\"elementor-heading-title elementor-size-default\">L\u2019\u00e9levage : patience et surveillance<\/h2>\t\t<\/div>\n\t\t\t\t<\/div>\n\t\t\t\t<div class=\"elementor-element elementor-element-282e4064 elementor-widget elementor-widget-text-editor\" data-id=\"282e4064\" data-element_type=\"widget\" data-widget_type=\"text-editor.default\">\n\t\t\t\t<div class=\"elementor-widget-container\">\n\t\t\t\t\t\t\t<p>Nous privil\u00e9gions des contenants qui permettent une micro-oxyg\u00e9nation (b\u00e9ton, bois, terre cuite), pour permettre un \u00e9levage des tanins, et privil\u00e9gier la rondeur et l\u2019obtention de tanins soyeux.<\/p><p>Selon la structure du vin et la concentration en tanins, nous appliquerons un \u00e9levage plus ou moins important. Un vin plus concentr\u00e9 en tanins aura besoin d\u2019un \u00e9levage plus long.<\/p><p>Nous recherchons dans nos vins, l\u2019expression de leur terroir, et du mill\u00e9sime. La cuve en b\u00e9ton ou l\u2019amphore en terre cuite pr\u00e9serve l\u2019expression pure du c\u00e9page et du terroir.<\/p><p>Certaines cuv\u00e9es sont \u00e9lev\u00e9es en f\u00fbts de ch\u00eane, comme c\u2019\u00e9tait le cas historiquement en beaujolais. Le bois doit \u00eatre n harmonie avec le vin, le mettre en valeur, sans le dominer.<\/p>\t\t\t\t\t\t<\/div>\n\t\t\t\t<\/div>\n\t\t\t\t\t<\/div>\n\t\t<\/div>\n\t\t\t\t\t\t\t<\/div>\n\t\t<\/section>\n\t\t\t\t\t\t\t<\/div>","protected":false},"excerpt":{"rendered":"<p>Les conditions d\u2019un grand mill\u00e9sime La r\u00e9ussite d\u2019un mill\u00e9sime de vin rouge est le r\u00e9sultat d\u2019une chaine de cinq conditions essentielles. D\u2019abord une floraison rapide et pr\u00e9coce qui pr\u00e9dispose \u00e0 une v\u00e9raison group\u00e9e et \u00e0 une maturit\u00e9 homog\u00e8ne des raisins. Ensuite, un d\u00e9but de contrainte hydrique \u00e0 la nouaison qui limite la taille des baies [&hellip;]<\/p>","protected":false},"author":1,"featured_media":0,"parent":0,"menu_order":0,"comment_status":"closed","ping_status":"closed","template":"","meta":{"footnotes":""},"class_list":["post-345","page","type-page","status-publish","hentry"],"yoast_head":"<!-- This site is optimized with the Yoast SEO plugin v21.1 - https:\/\/yoast.com\/wordpress\/plugins\/seo\/ -->\n<title>Naissance des vins - Domaine de Colonat<\/title>\n<meta name=\"robots\" content=\"index, follow, max-snippet:-1, max-image-preview:large, max-video-preview:-1\" \/>\n<link rel=\"canonical\" href=\"https:\/\/domaine-de-colonat.fr\/en\/naissance-des-vins\/\" \/>\n<meta property=\"og:locale\" content=\"en_US\" \/>\n<meta property=\"og:type\" content=\"article\" \/>\n<meta property=\"og:title\" content=\"Naissance des vins - Domaine de Colonat\" \/>\n<meta property=\"og:description\" content=\"Les conditions d\u2019un grand mill\u00e9sime La r\u00e9ussite d\u2019un mill\u00e9sime de vin rouge est le r\u00e9sultat d\u2019une chaine de cinq conditions essentielles. D\u2019abord une floraison rapide et pr\u00e9coce qui pr\u00e9dispose \u00e0 une v\u00e9raison group\u00e9e et \u00e0 une maturit\u00e9 homog\u00e8ne des raisins. Ensuite, un d\u00e9but de contrainte hydrique \u00e0 la nouaison qui limite la taille des baies [&hellip;]\" \/>\n<meta property=\"og:url\" content=\"https:\/\/domaine-de-colonat.fr\/en\/naissance-des-vins\/\" \/>\n<meta property=\"og:site_name\" content=\"Domaine de Colonat\" \/>\n<meta property=\"article:modified_time\" content=\"2021-03-23T17:36:17+00:00\" \/>\n<meta name=\"twitter:card\" content=\"summary_large_image\" \/>\n<meta name=\"twitter:label1\" content=\"Est. reading time\" \/>\n\t<meta name=\"twitter:data1\" content=\"4 minutes\" \/>\n<script type=\"application\/ld+json\" class=\"yoast-schema-graph\">{\"@context\":\"https:\/\/schema.org\",\"@graph\":[{\"@type\":\"WebPage\",\"@id\":\"https:\/\/domaine-de-colonat.fr\/naissance-des-vins\",\"url\":\"https:\/\/domaine-de-colonat.fr\/naissance-des-vins\",\"name\":\"Naissance des vins - Domaine de Colonat\",\"isPartOf\":{\"@id\":\"https:\/\/domaine-de-colonat.fr\/#website\"},\"datePublished\":\"2021-02-11T12:56:42+00:00\",\"dateModified\":\"2021-03-23T17:36:17+00:00\",\"breadcrumb\":{\"@id\":\"https:\/\/domaine-de-colonat.fr\/naissance-des-vins#breadcrumb\"},\"inLanguage\":\"en-US\",\"potentialAction\":[{\"@type\":\"ReadAction\",\"target\":[\"https:\/\/domaine-de-colonat.fr\/naissance-des-vins\"]}]},{\"@type\":\"BreadcrumbList\",\"@id\":\"https:\/\/domaine-de-colonat.fr\/naissance-des-vins#breadcrumb\",\"itemListElement\":[{\"@type\":\"ListItem\",\"position\":1,\"name\":\"Accueil\",\"item\":\"https:\/\/domaine-de-colonat.fr\/\"},{\"@type\":\"ListItem\",\"position\":2,\"name\":\"Naissance des vins\"}]},{\"@type\":\"WebSite\",\"@id\":\"https:\/\/domaine-de-colonat.fr\/#website\",\"url\":\"https:\/\/domaine-de-colonat.fr\/\",\"name\":\"Domaine de Colonat\",\"description\":\"\",\"potentialAction\":[{\"@type\":\"SearchAction\",\"target\":{\"@type\":\"EntryPoint\",\"urlTemplate\":\"https:\/\/domaine-de-colonat.fr\/?s={search_term_string}\"},\"query-input\":\"required name=search_term_string\"}],\"inLanguage\":\"en-US\"}]}<\/script>\n<!-- \/ Yoast SEO plugin. -->","yoast_head_json":{"title":"Naissance des vins - Domaine de Colonat","robots":{"index":"index","follow":"follow","max-snippet":"max-snippet:-1","max-image-preview":"max-image-preview:large","max-video-preview":"max-video-preview:-1"},"canonical":"https:\/\/domaine-de-colonat.fr\/en\/naissance-des-vins\/","og_locale":"en_US","og_type":"article","og_title":"Naissance des vins - Domaine de Colonat","og_description":"Les conditions d\u2019un grand mill\u00e9sime La r\u00e9ussite d\u2019un mill\u00e9sime de vin rouge est le r\u00e9sultat d\u2019une chaine de cinq conditions essentielles. D\u2019abord une floraison rapide et pr\u00e9coce qui pr\u00e9dispose \u00e0 une v\u00e9raison group\u00e9e et \u00e0 une maturit\u00e9 homog\u00e8ne des raisins. Ensuite, un d\u00e9but de contrainte hydrique \u00e0 la nouaison qui limite la taille des baies [&hellip;]","og_url":"https:\/\/domaine-de-colonat.fr\/en\/naissance-des-vins\/","og_site_name":"Domaine de Colonat","article_modified_time":"2021-03-23T17:36:17+00:00","twitter_card":"summary_large_image","twitter_misc":{"Est. reading time":"4 minutes"},"schema":{"@context":"https:\/\/schema.org","@graph":[{"@type":"WebPage","@id":"https:\/\/domaine-de-colonat.fr\/naissance-des-vins","url":"https:\/\/domaine-de-colonat.fr\/naissance-des-vins","name":"Naissance des vins - Domaine de Colonat","isPartOf":{"@id":"https:\/\/domaine-de-colonat.fr\/#website"},"datePublished":"2021-02-11T12:56:42+00:00","dateModified":"2021-03-23T17:36:17+00:00","breadcrumb":{"@id":"https:\/\/domaine-de-colonat.fr\/naissance-des-vins#breadcrumb"},"inLanguage":"en-US","potentialAction":[{"@type":"ReadAction","target":["https:\/\/domaine-de-colonat.fr\/naissance-des-vins"]}]},{"@type":"BreadcrumbList","@id":"https:\/\/domaine-de-colonat.fr\/naissance-des-vins#breadcrumb","itemListElement":[{"@type":"ListItem","position":1,"name":"Accueil","item":"https:\/\/domaine-de-colonat.fr\/"},{"@type":"ListItem","position":2,"name":"Naissance des vins"}]},{"@type":"WebSite","@id":"https:\/\/domaine-de-colonat.fr\/#website","url":"https:\/\/domaine-de-colonat.fr\/","name":"Domaine de Colonat","description":"","potentialAction":[{"@type":"SearchAction","target":{"@type":"EntryPoint","urlTemplate":"https:\/\/domaine-de-colonat.fr\/?s={search_term_string}"},"query-input":"required name=search_term_string"}],"inLanguage":"en-US"}]}},"_links":{"self":[{"href":"https:\/\/domaine-de-colonat.fr\/en\/wp-json\/wp\/v2\/pages\/345","targetHints":{"allow":["GET"]}}],"collection":[{"href":"https:\/\/domaine-de-colonat.fr\/en\/wp-json\/wp\/v2\/pages"}],"about":[{"href":"https:\/\/domaine-de-colonat.fr\/en\/wp-json\/wp\/v2\/types\/page"}],"author":[{"embeddable":true,"href":"https:\/\/domaine-de-colonat.fr\/en\/wp-json\/wp\/v2\/users\/1"}],"replies":[{"embeddable":true,"href":"https:\/\/domaine-de-colonat.fr\/en\/wp-json\/wp\/v2\/comments?post=345"}],"version-history":[{"count":16,"href":"https:\/\/domaine-de-colonat.fr\/en\/wp-json\/wp\/v2\/pages\/345\/revisions"}],"predecessor-version":[{"id":1062,"href":"https:\/\/domaine-de-colonat.fr\/en\/wp-json\/wp\/v2\/pages\/345\/revisions\/1062"}],"wp:attachment":[{"href":"https:\/\/domaine-de-colonat.fr\/en\/wp-json\/wp\/v2\/media?parent=345"}],"curies":[{"name":"wp","href":"https:\/\/api.w.org\/{rel}","templated":true}]}}