{"id":320,"date":"2021-02-11T09:42:19","date_gmt":"2021-02-11T09:42:19","guid":{"rendered":"https:\/\/domaine-de-colonat.fr\/?page_id=320"},"modified":"2021-03-23T16:47:43","modified_gmt":"2021-03-23T16:47:43","slug":"travailler-avec-la-nature","status":"publish","type":"page","link":"https:\/\/domaine-de-colonat.fr\/en\/travailler-avec-la-nature","title":{"rendered":"Travailler avec la nature"},"content":{"rendered":"<div data-elementor-type=\"wp-page\" data-elementor-id=\"320\" class=\"elementor elementor-320\">\n\t\t\t\t\t\t\t\t\t<section class=\"elementor-section elementor-top-section elementor-element elementor-element-7d7902 elementor-section-full_width elementor-reverse-tablet elementor-reverse-mobile elementor-section-height-default elementor-section-height-default\" data-id=\"7d7902\" data-element_type=\"section\">\n\t\t\t\t\t\t<div class=\"elementor-container elementor-column-gap-default\">\n\t\t\t\t\t<div class=\"elementor-column elementor-col-50 elementor-top-column elementor-element elementor-element-1a48a5a1\" data-id=\"1a48a5a1\" data-element_type=\"column\">\n\t\t\t<div class=\"elementor-widget-wrap elementor-element-populated\">\n\t\t\t\t\t\t\t\t<div class=\"elementor-element elementor-element-7197c82b elementor-widget elementor-widget-heading\" data-id=\"7197c82b\" data-element_type=\"widget\" data-widget_type=\"heading.default\">\n\t\t\t\t<div class=\"elementor-widget-container\">\n\t\t\t<h2 class=\"elementor-heading-title elementor-size-default\">NOTRE C\u00c9PAGE<\/h2>\t\t<\/div>\n\t\t\t\t<\/div>\n\t\t\t\t<div class=\"elementor-element elementor-element-363418da elementor-widget elementor-widget-text-editor\" data-id=\"363418da\" data-element_type=\"widget\" data-widget_type=\"text-editor.default\">\n\t\t\t\t<div class=\"elementor-widget-container\">\n\t\t\t\t\t\t\t<p><strong>Notre c\u00e9page, le Gamay <\/strong>est issu d&rsquo;un croisement entre le <strong>Pinot Noir<\/strong> et le <strong>Gouais<\/strong> B. il serait apparu au 14 -\u00e8me si\u00e8cle en Bourgogne.<\/p><p>C\u2019est un c\u00e9page qui demande un vrai savoir-faire parce qu\u2019il est naturellement tr\u00e8s vigoureux. Il a besoin d\u2019\u00eatre limit\u00e9 pour produire des grands vins. Le choix d\u2019une densit\u00e9 de plantation \u00e0 10\u00a0000 ceps par hectare est important en provoquant une concurrence entre les pieds, afin de limiter leur vigueur.<\/p><p>Les grands terroirs du Beaujolais proviennent de sols granitiques tr\u00e8s pauvres, parmi les plus pauvres de France. Avec une tr\u00e8s faible profondeur avant la roche, Ils limitent naturellement la vigueur du Gamay.<\/p><p>Lorsque les sols ont plus de profondeurs, ou sont plus riches en limons en bas de coteaux, nous enherbons les vignes. Cet enherbement a pour but de concurrencer la vigne, et de maintenir une forte biodiversit\u00e9.<\/p>\t\t\t\t\t\t<\/div>\n\t\t\t\t<\/div>\n\t\t\t\t\t<\/div>\n\t\t<\/div>\n\t\t\t\t<div class=\"elementor-column elementor-col-50 elementor-top-column elementor-element elementor-element-6f88e410\" data-id=\"6f88e410\" data-element_type=\"column\" data-settings=\"{&quot;background_background&quot;:&quot;classic&quot;}\">\n\t\t\t<div class=\"elementor-widget-wrap elementor-element-populated\">\n\t\t\t\t\t\t\t\t<div class=\"elementor-element elementor-element-5b756735 elementor-widget elementor-widget-spacer\" data-id=\"5b756735\" data-element_type=\"widget\" data-widget_type=\"spacer.default\">\n\t\t\t\t<div class=\"elementor-widget-container\">\n\t\t\t\t\t<div class=\"elementor-spacer\">\n\t\t\t<div class=\"elementor-spacer-inner\"><\/div>\n\t\t<\/div>\n\t\t\t\t<\/div>\n\t\t\t\t<\/div>\n\t\t\t\t\t<\/div>\n\t\t<\/div>\n\t\t\t\t\t\t\t<\/div>\n\t\t<\/section>\n\t\t\t\t<section class=\"elementor-section elementor-top-section elementor-element elementor-element-3d8f89d3 elementor-section-full_width elementor-section-height-default elementor-section-height-default\" data-id=\"3d8f89d3\" data-element_type=\"section\">\n\t\t\t\t\t\t<div class=\"elementor-container elementor-column-gap-default\">\n\t\t\t\t\t<div class=\"elementor-column elementor-col-50 elementor-top-column elementor-element elementor-element-6ca4701b\" data-id=\"6ca4701b\" data-element_type=\"column\" data-settings=\"{&quot;background_background&quot;:&quot;classic&quot;}\">\n\t\t\t<div class=\"elementor-widget-wrap elementor-element-populated\">\n\t\t\t\t\t\t\t\t<div class=\"elementor-element elementor-element-57178377 elementor-widget elementor-widget-spacer\" data-id=\"57178377\" data-element_type=\"widget\" data-widget_type=\"spacer.default\">\n\t\t\t\t<div class=\"elementor-widget-container\">\n\t\t\t\t\t<div class=\"elementor-spacer\">\n\t\t\t<div class=\"elementor-spacer-inner\"><\/div>\n\t\t<\/div>\n\t\t\t\t<\/div>\n\t\t\t\t<\/div>\n\t\t\t\t\t<\/div>\n\t\t<\/div>\n\t\t\t\t<div class=\"elementor-column elementor-col-50 elementor-top-column elementor-element elementor-element-4739b4a2\" data-id=\"4739b4a2\" data-element_type=\"column\">\n\t\t\t<div class=\"elementor-widget-wrap elementor-element-populated\">\n\t\t\t\t\t\t\t\t<div class=\"elementor-element elementor-element-af4f023 elementor-widget elementor-widget-heading\" data-id=\"af4f023\" data-element_type=\"widget\" data-widget_type=\"heading.default\">\n\t\t\t\t<div class=\"elementor-widget-container\">\n\t\t\t<h2 class=\"elementor-heading-title elementor-size-default\">PROT\u00c9GER LA VIGNE<\/h2>\t\t<\/div>\n\t\t\t\t<\/div>\n\t\t\t\t<div class=\"elementor-element elementor-element-7a434a81 elementor-widget elementor-widget-text-editor\" data-id=\"7a434a81\" data-element_type=\"widget\" data-widget_type=\"text-editor.default\">\n\t\t\t\t<div class=\"elementor-widget-container\">\n\t\t\t\t\t\t\t<p>Il y a 200 ans, quand Claude Collonge s\u2019est install\u00e9 comme vigneron, il n\u2019y avait ni Phyllox\u00e9ra, ni Mildiou, ni O\u00efdium en Europe.\u00a0 La culture de la vigne se faisait sans traitements.<\/p><p>\u00a0Malheureusement, avec les \u00e9changes commerciaux en Am\u00e9riques, les bateaux ont ramen\u00e9 en Europe des maladies terribles pour nos c\u00e9pages europ\u00e9ens Vitis Vinifiera. Au 19eme si\u00e8cle, apparaissent alors par vagues successives, le phylloxera d\u00e9cimant des vignobles entiers, l\u2019O\u00efdium puis le mildiou. Depuis, les vignerons ne cessent de chercher des solutions pour prot\u00e9ger leurs vignes contre ces parasites.<\/p><p>La culture de la vigne sans traitements n\u2019est plus possible. La pression parasitaire du Mildiou et de l\u2019O\u00efdium est beaucoup trop importante et d\u00e9finitivement pr\u00e9sente. La vigne a besoin que le vigneron l\u2019aide \u00e0 se prot\u00e9ger contre ces nouveaux agresseurs.<\/p><p>Dans cette protection n\u00e9cessaire, nous avons fait le choix d\u2019une viticulture qui s\u2019appuie sur l\u2019observation du v\u00e9g\u00e9tal et de son environnement, qui allie produit naturel et produit phytosanitaires non dangereux pour la sant\u00e9 humaine ou l\u2019environnement.<\/p><p>Respectueux de nos terroirs qui nous ont \u00e9t\u00e9 transmis par nos parents et que nous transmettrons aux g\u00e9n\u00e9rations futures, nous cherchons \u00e0 pratiquer une culture saine et propre.<\/p>\t\t\t\t\t\t<\/div>\n\t\t\t\t<\/div>\n\t\t\t\t\t<\/div>\n\t\t<\/div>\n\t\t\t\t\t\t\t<\/div>\n\t\t<\/section>\n\t\t\t\t\t\t\t<\/div>","protected":false},"excerpt":{"rendered":"<p>NOTRE C\u00c9PAGE Notre c\u00e9page, le Gamay est issu d&rsquo;un croisement entre le Pinot Noir et le Gouais B. il serait apparu au 14 -\u00e8me si\u00e8cle en Bourgogne. C\u2019est un c\u00e9page qui demande un vrai savoir-faire parce qu\u2019il est naturellement tr\u00e8s vigoureux. Il a besoin d\u2019\u00eatre limit\u00e9 pour produire des grands vins. Le choix d\u2019une densit\u00e9 [&hellip;]<\/p>","protected":false},"author":1,"featured_media":0,"parent":0,"menu_order":0,"comment_status":"closed","ping_status":"closed","template":"","meta":{"footnotes":""},"class_list":["post-320","page","type-page","status-publish","hentry"],"yoast_head":"<!-- This site is optimized with the Yoast SEO plugin v21.1 - https:\/\/yoast.com\/wordpress\/plugins\/seo\/ -->\n<title>Travailler avec la nature - Domaine de Colonat<\/title>\n<meta name=\"robots\" content=\"index, follow, max-snippet:-1, max-image-preview:large, max-video-preview:-1\" \/>\n<link rel=\"canonical\" href=\"https:\/\/domaine-de-colonat.fr\/en\/travailler-avec-la-nature\/\" \/>\n<meta property=\"og:locale\" content=\"en_US\" \/>\n<meta property=\"og:type\" content=\"article\" \/>\n<meta property=\"og:title\" content=\"Travailler avec la nature - Domaine de Colonat\" \/>\n<meta property=\"og:description\" content=\"NOTRE C\u00c9PAGE Notre c\u00e9page, le Gamay est issu d&rsquo;un croisement entre le Pinot Noir et le Gouais B. il serait apparu au 14 -\u00e8me si\u00e8cle en Bourgogne. C\u2019est un c\u00e9page qui demande un vrai savoir-faire parce qu\u2019il est naturellement tr\u00e8s vigoureux. Il a besoin d\u2019\u00eatre limit\u00e9 pour produire des grands vins. Le choix d\u2019une densit\u00e9 [&hellip;]\" \/>\n<meta property=\"og:url\" content=\"https:\/\/domaine-de-colonat.fr\/en\/travailler-avec-la-nature\/\" \/>\n<meta property=\"og:site_name\" content=\"Domaine de Colonat\" \/>\n<meta property=\"article:modified_time\" content=\"2021-03-23T16:47:43+00:00\" \/>\n<meta name=\"twitter:card\" content=\"summary_large_image\" \/>\n<meta name=\"twitter:label1\" content=\"Est. reading time\" \/>\n\t<meta name=\"twitter:data1\" content=\"2 minutes\" \/>\n<script type=\"application\/ld+json\" class=\"yoast-schema-graph\">{\"@context\":\"https:\/\/schema.org\",\"@graph\":[{\"@type\":\"WebPage\",\"@id\":\"https:\/\/domaine-de-colonat.fr\/travailler-avec-la-nature\",\"url\":\"https:\/\/domaine-de-colonat.fr\/travailler-avec-la-nature\",\"name\":\"Travailler avec la nature - Domaine de Colonat\",\"isPartOf\":{\"@id\":\"https:\/\/domaine-de-colonat.fr\/#website\"},\"datePublished\":\"2021-02-11T09:42:19+00:00\",\"dateModified\":\"2021-03-23T16:47:43+00:00\",\"breadcrumb\":{\"@id\":\"https:\/\/domaine-de-colonat.fr\/travailler-avec-la-nature#breadcrumb\"},\"inLanguage\":\"en-US\",\"potentialAction\":[{\"@type\":\"ReadAction\",\"target\":[\"https:\/\/domaine-de-colonat.fr\/travailler-avec-la-nature\"]}]},{\"@type\":\"BreadcrumbList\",\"@id\":\"https:\/\/domaine-de-colonat.fr\/travailler-avec-la-nature#breadcrumb\",\"itemListElement\":[{\"@type\":\"ListItem\",\"position\":1,\"name\":\"Accueil\",\"item\":\"https:\/\/domaine-de-colonat.fr\/\"},{\"@type\":\"ListItem\",\"position\":2,\"name\":\"Travailler avec la nature\"}]},{\"@type\":\"WebSite\",\"@id\":\"https:\/\/domaine-de-colonat.fr\/#website\",\"url\":\"https:\/\/domaine-de-colonat.fr\/\",\"name\":\"Domaine de Colonat\",\"description\":\"\",\"potentialAction\":[{\"@type\":\"SearchAction\",\"target\":{\"@type\":\"EntryPoint\",\"urlTemplate\":\"https:\/\/domaine-de-colonat.fr\/?s={search_term_string}\"},\"query-input\":\"required name=search_term_string\"}],\"inLanguage\":\"en-US\"}]}<\/script>\n<!-- \/ Yoast SEO plugin. -->","yoast_head_json":{"title":"Travailler avec la nature - Domaine de Colonat","robots":{"index":"index","follow":"follow","max-snippet":"max-snippet:-1","max-image-preview":"max-image-preview:large","max-video-preview":"max-video-preview:-1"},"canonical":"https:\/\/domaine-de-colonat.fr\/en\/travailler-avec-la-nature\/","og_locale":"en_US","og_type":"article","og_title":"Travailler avec la nature - Domaine de Colonat","og_description":"NOTRE C\u00c9PAGE Notre c\u00e9page, le Gamay est issu d&rsquo;un croisement entre le Pinot Noir et le Gouais B. il serait apparu au 14 -\u00e8me si\u00e8cle en Bourgogne. C\u2019est un c\u00e9page qui demande un vrai savoir-faire parce qu\u2019il est naturellement tr\u00e8s vigoureux. Il a besoin d\u2019\u00eatre limit\u00e9 pour produire des grands vins. Le choix d\u2019une densit\u00e9 [&hellip;]","og_url":"https:\/\/domaine-de-colonat.fr\/en\/travailler-avec-la-nature\/","og_site_name":"Domaine de Colonat","article_modified_time":"2021-03-23T16:47:43+00:00","twitter_card":"summary_large_image","twitter_misc":{"Est. reading time":"2 minutes"},"schema":{"@context":"https:\/\/schema.org","@graph":[{"@type":"WebPage","@id":"https:\/\/domaine-de-colonat.fr\/travailler-avec-la-nature","url":"https:\/\/domaine-de-colonat.fr\/travailler-avec-la-nature","name":"Travailler avec la nature - Domaine de Colonat","isPartOf":{"@id":"https:\/\/domaine-de-colonat.fr\/#website"},"datePublished":"2021-02-11T09:42:19+00:00","dateModified":"2021-03-23T16:47:43+00:00","breadcrumb":{"@id":"https:\/\/domaine-de-colonat.fr\/travailler-avec-la-nature#breadcrumb"},"inLanguage":"en-US","potentialAction":[{"@type":"ReadAction","target":["https:\/\/domaine-de-colonat.fr\/travailler-avec-la-nature"]}]},{"@type":"BreadcrumbList","@id":"https:\/\/domaine-de-colonat.fr\/travailler-avec-la-nature#breadcrumb","itemListElement":[{"@type":"ListItem","position":1,"name":"Accueil","item":"https:\/\/domaine-de-colonat.fr\/"},{"@type":"ListItem","position":2,"name":"Travailler avec la nature"}]},{"@type":"WebSite","@id":"https:\/\/domaine-de-colonat.fr\/#website","url":"https:\/\/domaine-de-colonat.fr\/","name":"Domaine de Colonat","description":"","potentialAction":[{"@type":"SearchAction","target":{"@type":"EntryPoint","urlTemplate":"https:\/\/domaine-de-colonat.fr\/?s={search_term_string}"},"query-input":"required name=search_term_string"}],"inLanguage":"en-US"}]}},"_links":{"self":[{"href":"https:\/\/domaine-de-colonat.fr\/en\/wp-json\/wp\/v2\/pages\/320","targetHints":{"allow":["GET"]}}],"collection":[{"href":"https:\/\/domaine-de-colonat.fr\/en\/wp-json\/wp\/v2\/pages"}],"about":[{"href":"https:\/\/domaine-de-colonat.fr\/en\/wp-json\/wp\/v2\/types\/page"}],"author":[{"embeddable":true,"href":"https:\/\/domaine-de-colonat.fr\/en\/wp-json\/wp\/v2\/users\/1"}],"replies":[{"embeddable":true,"href":"https:\/\/domaine-de-colonat.fr\/en\/wp-json\/wp\/v2\/comments?post=320"}],"version-history":[{"count":34,"href":"https:\/\/domaine-de-colonat.fr\/en\/wp-json\/wp\/v2\/pages\/320\/revisions"}],"predecessor-version":[{"id":1045,"href":"https:\/\/domaine-de-colonat.fr\/en\/wp-json\/wp\/v2\/pages\/320\/revisions\/1045"}],"wp:attachment":[{"href":"https:\/\/domaine-de-colonat.fr\/en\/wp-json\/wp\/v2\/media?parent=320"}],"curies":[{"name":"wp","href":"https:\/\/api.w.org\/{rel}","templated":true}]}}