{"id":16,"date":"2020-12-22T14:24:53","date_gmt":"2020-12-22T14:24:53","guid":{"rendered":"https:\/\/domaine-de-colonat.fr\/?page_id=16"},"modified":"2021-11-10T08:49:30","modified_gmt":"2021-11-10T08:49:30","slug":"historique","status":"publish","type":"page","link":"https:\/\/domaine-de-colonat.fr\/en\/historique","title":{"rendered":"Historique"},"content":{"rendered":"<div data-elementor-type=\"wp-page\" data-elementor-id=\"16\" class=\"elementor elementor-16\">\n\t\t\t\t\t\t\t\t\t<section class=\"elementor-section elementor-top-section elementor-element elementor-element-c609ca5 elementor-section-full_width elementor-section-height-default elementor-section-height-default\" data-id=\"c609ca5\" data-element_type=\"section\">\n\t\t\t\t\t\t<div class=\"elementor-container elementor-column-gap-default\">\n\t\t\t\t\t<div class=\"elementor-column elementor-col-50 elementor-top-column elementor-element elementor-element-6bca60f\" data-id=\"6bca60f\" data-element_type=\"column\" data-settings=\"{&quot;background_background&quot;:&quot;classic&quot;}\">\n\t\t\t<div class=\"elementor-widget-wrap elementor-element-populated\">\n\t\t\t\t\t\t\t\t<div class=\"elementor-element elementor-element-47484fa elementor-widget elementor-widget-spacer\" data-id=\"47484fa\" data-element_type=\"widget\" data-widget_type=\"spacer.default\">\n\t\t\t\t<div class=\"elementor-widget-container\">\n\t\t\t\t\t<div class=\"elementor-spacer\">\n\t\t\t<div class=\"elementor-spacer-inner\"><\/div>\n\t\t<\/div>\n\t\t\t\t<\/div>\n\t\t\t\t<\/div>\n\t\t\t\t\t<\/div>\n\t\t<\/div>\n\t\t\t\t<div class=\"elementor-column elementor-col-50 elementor-top-column elementor-element elementor-element-c2273cd\" data-id=\"c2273cd\" data-element_type=\"column\">\n\t\t\t<div class=\"elementor-widget-wrap elementor-element-populated\">\n\t\t\t\t\t\t\t\t<div class=\"elementor-element elementor-element-017855e elementor-widget elementor-widget-heading\" data-id=\"017855e\" data-element_type=\"widget\" data-widget_type=\"heading.default\">\n\t\t\t\t<div class=\"elementor-widget-container\">\n\t\t\t<h2 class=\"elementor-heading-title elementor-size-default\">HISTORIQUE<\/h2>\t\t<\/div>\n\t\t\t\t<\/div>\n\t\t\t\t<div class=\"elementor-element elementor-element-a8dc007 elementor-widget elementor-widget-text-editor\" data-id=\"a8dc007\" data-element_type=\"widget\" data-widget_type=\"text-editor.default\">\n\t\t\t\t<div class=\"elementor-widget-container\">\n\t\t\t\t\t\t\t<p class=\"p1\">Notre domaine se situe au bord d\u2019une ancienne voie antique. Avant l\u2019invasion romaine de la Gaulle en 52 av JC, cette route celtique permettait d\u2019aller jusqu\u2019\u00e0 BIBRACTE,<span class=\"Apple-converted-space\">\u00a0 <\/span>capitale \u00e9conomique des Eduens, le peuple gaulois le plus puissant de Gaulle.<span class=\"Apple-converted-space\">\u00a0<\/span><\/p><p class=\"p1\"><span class=\"s1\">L&rsquo;Origine du nom MORGON <\/span>serait d\u00e9riv\u00e9e du gaulois \u00ab\u00a0Morga\u00a0\u00bb, \u00ab\u00a0la limite par les pierres\u00a0\u00bb.<span class=\"Apple-converted-space\">\u00a0<\/span><\/p><p class=\"p1\">Morgon semble \u00eatre situ\u00e9 \u00e0 la fronti\u00e8re entre le territoire Eduen et le territoire S\u00e9gusiave, tous deux appartenant \u00e0 la grande conf\u00e9d\u00e9ration \u00e9duenne, consid\u00e9r\u00e9e comme fr\u00e8re de sang du peuple romain en vertu d&rsquo;un trait\u00e9 pass\u00e9 avec les romains. Permettant un d\u00e9veloppement \u00e9conomique tr\u00e8s important de ces peuples gaulois avec le peuple romain.<span class=\"Apple-converted-space\">\u00a0<\/span><\/p><p class=\"p1\">Parmi ces \u00e9changes, de tr\u00e8s nombreuses amphores de vins romains ont \u00e9t\u00e9 consomm\u00e9es par les Eduens. En atteste les milliers d\u2019amphores ou d\u00e9bris d\u2019amphores, retrouv\u00e9s sur le site de BIBRACTE, proche de l\u2019actuel ville d\u2019Autun. Sur cette voie antique passant devant notre domaine, ont circul\u00e9 des milliers d\u2019amphores \u00e0 destination de Bibracte.<span class=\"Apple-converted-space\">\u00a0<\/span><\/p><p class=\"p1\"><span class=\"s2\">Les premi\u00e8res vignes en Beaujolais <\/span>arrivent un peu plus tard, \u00e0 l\u2019\u00e9poque de l\u2019occupation romaine.<\/p><p class=\"p1\"><span class=\"Apple-converted-space\">\u00a0<\/span>Des fouilles actuellement en cours sur la commune de Ch\u00e2tillon d\u2019Azergues semblerait attester la pr\u00e9sence d\u2019une villa gallo-romaine a vocation agricole avec pr\u00e9sence d\u2019amphore de vin et datant du premier si\u00e8cle apr\u00e8s JC. <span class=\"Apple-converted-space\">\u00a0<\/span><\/p><p class=\"p1\">Depuis, par ces conditions tr\u00e8s favorables (nature de sols, exposition des coteaux, climat) la vigne a toujours \u00e9t\u00e9 cultiv\u00e9 en Beaujolais. Surmontant des p\u00e9riodes de crises, de guerre, de maladie, le vignoble a travers\u00e9 le temps.<span class=\"Apple-converted-space\">\u00a0<\/span><\/p>\t\t\t\t\t\t<\/div>\n\t\t\t\t<\/div>\n\t\t\t\t\t<\/div>\n\t\t<\/div>\n\t\t\t\t\t\t\t<\/div>\n\t\t<\/section>\n\t\t\t\t<section class=\"elementor-section elementor-top-section elementor-element elementor-element-b1a5597 elementor-section-full_width elementor-reverse-tablet elementor-reverse-mobile elementor-section-height-default elementor-section-height-default\" data-id=\"b1a5597\" data-element_type=\"section\">\n\t\t\t\t\t\t<div class=\"elementor-container elementor-column-gap-default\">\n\t\t\t\t\t<div class=\"elementor-column elementor-col-50 elementor-top-column elementor-element elementor-element-ff70879\" data-id=\"ff70879\" data-element_type=\"column\">\n\t\t\t<div class=\"elementor-widget-wrap elementor-element-populated\">\n\t\t\t\t\t\t\t\t<div class=\"elementor-element elementor-element-512c250 elementor-widget elementor-widget-text-editor\" data-id=\"512c250\" data-element_type=\"widget\" data-widget_type=\"text-editor.default\">\n\t\t\t\t<div class=\"elementor-widget-container\">\n\t\t\t\t\t\t\t<p class=\"p1\">Dans cette longue histoire, <span class=\"s1\">notre pass\u00e9 viticole familiale commence en 1828<\/span> quand Claude COLLONGE, alors mar\u00e9chal ferrant, acheta le domaine actuel au c\u0153ur de l\u2019appellation MORGON.<span class=\"Apple-converted-space\">&nbsp; <\/span>Depuis pr\u00e8s de 200 ans, ce domaine et le savoir-faire viticole accumul\u00e9, s\u2019est transmis de p\u00e8re en fils pendant 7 g\u00e9n\u00e9rations.<span class=\"Apple-converted-space\">&nbsp;<\/span><\/p>\n<p class=\"p2\">Aujourd\u2019hui, Thomas COLLONGE, 7eme g\u00e9n\u00e9ration, poursuit l\u2019histoire du domaine de Colonat avec sa femme Julie.<span class=\"Apple-converted-space\">&nbsp;<\/span><\/p>\n<p class=\"p2\"><span class=\"s1\">Notre nom, Domaine de \u00ab&nbsp;Colonat&nbsp;\u00bb, <\/span>est un rappel \u00e0 l\u2019histoire viticole mill\u00e9naire en Beaujolais. \u00ab&nbsp;Colonat&nbsp;\u00bb remonte \u00e0 l\u2019\u00e9poque romaine. Le colonat sous la loi romaine, correspondait \u00e0 ce qu\u2019on appelle aujourd\u2019hui le M\u00e9tayage. Le paysan exploitait les terres d\u2019un propri\u00e9taire romain, et devait en \u00e9change redonner la moiti\u00e9 de sa production au propri\u00e9taire<span class=\"s2\">.<span class=\"Apple-converted-space\">&nbsp;<\/span><\/span><\/p>\t\t\t\t\t\t<\/div>\n\t\t\t\t<\/div>\n\t\t\t\t\t<\/div>\n\t\t<\/div>\n\t\t\t\t<div class=\"elementor-column elementor-col-50 elementor-top-column elementor-element elementor-element-29e5f4c\" data-id=\"29e5f4c\" data-element_type=\"column\" data-settings=\"{&quot;background_background&quot;:&quot;classic&quot;}\">\n\t\t\t<div class=\"elementor-widget-wrap elementor-element-populated\">\n\t\t\t\t\t\t\t\t<div class=\"elementor-element elementor-element-b64d15b elementor-widget elementor-widget-spacer\" data-id=\"b64d15b\" data-element_type=\"widget\" data-widget_type=\"spacer.default\">\n\t\t\t\t<div class=\"elementor-widget-container\">\n\t\t\t\t\t<div class=\"elementor-spacer\">\n\t\t\t<div class=\"elementor-spacer-inner\"><\/div>\n\t\t<\/div>\n\t\t\t\t<\/div>\n\t\t\t\t<\/div>\n\t\t\t\t\t<\/div>\n\t\t<\/div>\n\t\t\t\t\t\t\t<\/div>\n\t\t<\/section>\n\t\t\t\t\t\t\t<\/div>","protected":false},"excerpt":{"rendered":"<p>HISTORIQUE Notre domaine se situe au bord d\u2019une ancienne voie antique. Avant l\u2019invasion romaine de la Gaulle en 52 av JC, cette route celtique permettait d\u2019aller jusqu\u2019\u00e0 BIBRACTE,\u00a0 capitale \u00e9conomique des Eduens, le peuple gaulois le plus puissant de Gaulle.\u00a0 L&rsquo;Origine du nom MORGON serait d\u00e9riv\u00e9e du gaulois \u00ab\u00a0Morga\u00a0\u00bb, \u00ab\u00a0la limite par les pierres\u00a0\u00bb.\u00a0 Morgon [&hellip;]<\/p>","protected":false},"author":3,"featured_media":0,"parent":0,"menu_order":0,"comment_status":"closed","ping_status":"closed","template":"","meta":{"footnotes":""},"class_list":["post-16","page","type-page","status-publish","hentry"],"yoast_head":"<!-- This site is optimized with the Yoast SEO plugin v21.1 - https:\/\/yoast.com\/wordpress\/plugins\/seo\/ -->\n<title>Historique - Domaine de Colonat<\/title>\n<meta name=\"robots\" content=\"index, follow, max-snippet:-1, max-image-preview:large, max-video-preview:-1\" \/>\n<link rel=\"canonical\" href=\"https:\/\/domaine-de-colonat.fr\/en\/historique\/\" \/>\n<meta property=\"og:locale\" content=\"en_US\" \/>\n<meta property=\"og:type\" content=\"article\" \/>\n<meta property=\"og:title\" content=\"Historique - Domaine de Colonat\" \/>\n<meta property=\"og:description\" content=\"HISTORIQUE Notre domaine se situe au bord d\u2019une ancienne voie antique. Avant l\u2019invasion romaine de la Gaulle en 52 av JC, cette route celtique permettait d\u2019aller jusqu\u2019\u00e0 BIBRACTE,\u00a0 capitale \u00e9conomique des Eduens, le peuple gaulois le plus puissant de Gaulle.\u00a0 L&rsquo;Origine du nom MORGON serait d\u00e9riv\u00e9e du gaulois \u00ab\u00a0Morga\u00a0\u00bb, \u00ab\u00a0la limite par les pierres\u00a0\u00bb.\u00a0 Morgon [&hellip;]\" \/>\n<meta property=\"og:url\" content=\"https:\/\/domaine-de-colonat.fr\/en\/historique\/\" \/>\n<meta property=\"og:site_name\" content=\"Domaine de Colonat\" \/>\n<meta property=\"article:modified_time\" content=\"2021-11-10T08:49:30+00:00\" \/>\n<meta name=\"twitter:card\" content=\"summary_large_image\" \/>\n<meta name=\"twitter:label1\" content=\"Est. reading time\" \/>\n\t<meta name=\"twitter:data1\" content=\"2 minutes\" \/>\n<script type=\"application\/ld+json\" class=\"yoast-schema-graph\">{\"@context\":\"https:\/\/schema.org\",\"@graph\":[{\"@type\":\"WebPage\",\"@id\":\"https:\/\/domaine-de-colonat.fr\/historique\",\"url\":\"https:\/\/domaine-de-colonat.fr\/historique\",\"name\":\"Historique - Domaine de Colonat\",\"isPartOf\":{\"@id\":\"https:\/\/domaine-de-colonat.fr\/#website\"},\"datePublished\":\"2020-12-22T14:24:53+00:00\",\"dateModified\":\"2021-11-10T08:49:30+00:00\",\"breadcrumb\":{\"@id\":\"https:\/\/domaine-de-colonat.fr\/historique#breadcrumb\"},\"inLanguage\":\"en-US\",\"potentialAction\":[{\"@type\":\"ReadAction\",\"target\":[\"https:\/\/domaine-de-colonat.fr\/historique\"]}]},{\"@type\":\"BreadcrumbList\",\"@id\":\"https:\/\/domaine-de-colonat.fr\/historique#breadcrumb\",\"itemListElement\":[{\"@type\":\"ListItem\",\"position\":1,\"name\":\"Accueil\",\"item\":\"https:\/\/domaine-de-colonat.fr\/\"},{\"@type\":\"ListItem\",\"position\":2,\"name\":\"Historique\"}]},{\"@type\":\"WebSite\",\"@id\":\"https:\/\/domaine-de-colonat.fr\/#website\",\"url\":\"https:\/\/domaine-de-colonat.fr\/\",\"name\":\"Domaine de Colonat\",\"description\":\"\",\"potentialAction\":[{\"@type\":\"SearchAction\",\"target\":{\"@type\":\"EntryPoint\",\"urlTemplate\":\"https:\/\/domaine-de-colonat.fr\/?s={search_term_string}\"},\"query-input\":\"required name=search_term_string\"}],\"inLanguage\":\"en-US\"}]}<\/script>\n<!-- \/ Yoast SEO plugin. -->","yoast_head_json":{"title":"Historique - Domaine de Colonat","robots":{"index":"index","follow":"follow","max-snippet":"max-snippet:-1","max-image-preview":"max-image-preview:large","max-video-preview":"max-video-preview:-1"},"canonical":"https:\/\/domaine-de-colonat.fr\/en\/historique\/","og_locale":"en_US","og_type":"article","og_title":"Historique - Domaine de Colonat","og_description":"HISTORIQUE Notre domaine se situe au bord d\u2019une ancienne voie antique. Avant l\u2019invasion romaine de la Gaulle en 52 av JC, cette route celtique permettait d\u2019aller jusqu\u2019\u00e0 BIBRACTE,\u00a0 capitale \u00e9conomique des Eduens, le peuple gaulois le plus puissant de Gaulle.\u00a0 L&rsquo;Origine du nom MORGON serait d\u00e9riv\u00e9e du gaulois \u00ab\u00a0Morga\u00a0\u00bb, \u00ab\u00a0la limite par les pierres\u00a0\u00bb.\u00a0 Morgon [&hellip;]","og_url":"https:\/\/domaine-de-colonat.fr\/en\/historique\/","og_site_name":"Domaine de Colonat","article_modified_time":"2021-11-10T08:49:30+00:00","twitter_card":"summary_large_image","twitter_misc":{"Est. reading time":"2 minutes"},"schema":{"@context":"https:\/\/schema.org","@graph":[{"@type":"WebPage","@id":"https:\/\/domaine-de-colonat.fr\/historique","url":"https:\/\/domaine-de-colonat.fr\/historique","name":"Historique - Domaine de Colonat","isPartOf":{"@id":"https:\/\/domaine-de-colonat.fr\/#website"},"datePublished":"2020-12-22T14:24:53+00:00","dateModified":"2021-11-10T08:49:30+00:00","breadcrumb":{"@id":"https:\/\/domaine-de-colonat.fr\/historique#breadcrumb"},"inLanguage":"en-US","potentialAction":[{"@type":"ReadAction","target":["https:\/\/domaine-de-colonat.fr\/historique"]}]},{"@type":"BreadcrumbList","@id":"https:\/\/domaine-de-colonat.fr\/historique#breadcrumb","itemListElement":[{"@type":"ListItem","position":1,"name":"Accueil","item":"https:\/\/domaine-de-colonat.fr\/"},{"@type":"ListItem","position":2,"name":"Historique"}]},{"@type":"WebSite","@id":"https:\/\/domaine-de-colonat.fr\/#website","url":"https:\/\/domaine-de-colonat.fr\/","name":"Domaine de Colonat","description":"","potentialAction":[{"@type":"SearchAction","target":{"@type":"EntryPoint","urlTemplate":"https:\/\/domaine-de-colonat.fr\/?s={search_term_string}"},"query-input":"required name=search_term_string"}],"inLanguage":"en-US"}]}},"_links":{"self":[{"href":"https:\/\/domaine-de-colonat.fr\/en\/wp-json\/wp\/v2\/pages\/16","targetHints":{"allow":["GET"]}}],"collection":[{"href":"https:\/\/domaine-de-colonat.fr\/en\/wp-json\/wp\/v2\/pages"}],"about":[{"href":"https:\/\/domaine-de-colonat.fr\/en\/wp-json\/wp\/v2\/types\/page"}],"author":[{"embeddable":true,"href":"https:\/\/domaine-de-colonat.fr\/en\/wp-json\/wp\/v2\/users\/3"}],"replies":[{"embeddable":true,"href":"https:\/\/domaine-de-colonat.fr\/en\/wp-json\/wp\/v2\/comments?post=16"}],"version-history":[{"count":75,"href":"https:\/\/domaine-de-colonat.fr\/en\/wp-json\/wp\/v2\/pages\/16\/revisions"}],"predecessor-version":[{"id":1177,"href":"https:\/\/domaine-de-colonat.fr\/en\/wp-json\/wp\/v2\/pages\/16\/revisions\/1177"}],"wp:attachment":[{"href":"https:\/\/domaine-de-colonat.fr\/en\/wp-json\/wp\/v2\/media?parent=16"}],"curies":[{"name":"wp","href":"https:\/\/api.w.org\/{rel}","templated":true}]}}