{"id":1019,"date":"2021-03-23T16:11:28","date_gmt":"2021-03-23T16:11:28","guid":{"rendered":"https:\/\/domaine-de-colonat.fr\/?page_id=1019"},"modified":"2021-04-01T13:27:10","modified_gmt":"2021-04-01T13:27:10","slug":"mentions-legales","status":"publish","type":"page","link":"https:\/\/domaine-de-colonat.fr\/en\/mentions-legales","title":{"rendered":"Mentions l\u00e9gales"},"content":{"rendered":"<div data-elementor-type=\"wp-page\" data-elementor-id=\"1019\" class=\"elementor elementor-1019\">\n\t\t\t\t\t\t\t\t\t<section class=\"elementor-section elementor-top-section elementor-element elementor-element-c4effa2 elementor-section-full_width elementor-section-height-default elementor-section-height-default\" data-id=\"c4effa2\" data-element_type=\"section\">\n\t\t\t\t\t\t<div class=\"elementor-container elementor-column-gap-default\">\n\t\t\t\t\t<div class=\"elementor-column elementor-col-100 elementor-top-column elementor-element elementor-element-9dc0ca9\" data-id=\"9dc0ca9\" data-element_type=\"column\">\n\t\t\t<div class=\"elementor-widget-wrap elementor-element-populated\">\n\t\t\t\t\t\t\t\t<div class=\"elementor-element elementor-element-932edb9 elementor-widget elementor-widget-heading\" data-id=\"932edb9\" data-element_type=\"widget\" data-widget_type=\"heading.default\">\n\t\t\t\t<div class=\"elementor-widget-container\">\n\t\t\t<h2 class=\"elementor-heading-title elementor-size-default\">Mentions l\u00e9gales<\/h2>\t\t<\/div>\n\t\t\t\t<\/div>\n\t\t\t\t\t<\/div>\n\t\t<\/div>\n\t\t\t\t\t\t\t<\/div>\n\t\t<\/section>\n\t\t\t\t<section class=\"elementor-section elementor-top-section elementor-element elementor-element-66cd76d elementor-section-boxed elementor-section-height-default elementor-section-height-default\" data-id=\"66cd76d\" data-element_type=\"section\">\n\t\t\t\t\t\t<div class=\"elementor-container elementor-column-gap-default\">\n\t\t\t\t\t<div class=\"elementor-column elementor-col-100 elementor-top-column elementor-element elementor-element-4140756\" data-id=\"4140756\" data-element_type=\"column\">\n\t\t\t<div class=\"elementor-widget-wrap elementor-element-populated\">\n\t\t\t\t\t\t\t\t<div class=\"elementor-element elementor-element-9acb477 elementor-widget elementor-widget-text-editor\" data-id=\"9acb477\" data-element_type=\"widget\" data-widget_type=\"text-editor.default\">\n\t\t\t\t<div class=\"elementor-widget-container\">\n\t\t\t\t\t\t\t<p><strong>Informations l\u00e9gales<\/strong><\/p><p>Le site <a href=\"https:\/\/domaine-de-colonat.fr\/en\/\">www.domaine-de-colonat.fr<\/a> \u00a0est la propri\u00e9t\u00e9 de la soci\u00e9t\u00e9 SASU Thomas COLLONGE &#8211; au capital de 5 000 \u20ac &#8211; immatricul\u00e9e 809\u00a0844\u00a0053 RCS Villefranche-Tarare.<br \/>Si\u00e8ge social : 4505 Voie Romaine 69910 VILLIE-MORGON<\/p><p>Directeur de la publication : Thomas COLLONGE<\/p><p>Conception \/ R\u00e9alisation \/ Webmastering \/ H\u00e9bergement : \u00a0WYBe.<\/p>\t\t\t\t\t\t<\/div>\n\t\t\t\t<\/div>\n\t\t\t\t\t<\/div>\n\t\t<\/div>\n\t\t\t\t\t\t\t<\/div>\n\t\t<\/section>\n\t\t\t\t<section class=\"elementor-section elementor-top-section elementor-element elementor-element-1655b18 elementor-section-boxed elementor-section-height-default elementor-section-height-default\" data-id=\"1655b18\" data-element_type=\"section\">\n\t\t\t\t\t\t<div class=\"elementor-container elementor-column-gap-default\">\n\t\t\t\t\t<div class=\"elementor-column elementor-col-100 elementor-top-column elementor-element elementor-element-4ed274e\" data-id=\"4ed274e\" data-element_type=\"column\">\n\t\t\t<div class=\"elementor-widget-wrap elementor-element-populated\">\n\t\t\t\t\t\t\t\t<div class=\"elementor-element elementor-element-116cf49 elementor-widget elementor-widget-text-editor\" data-id=\"116cf49\" data-element_type=\"widget\" data-widget_type=\"text-editor.default\">\n\t\t\t\t<div class=\"elementor-widget-container\">\n\t\t\t\t\t\t\t<p><strong>Conditions d&rsquo;utilisation du site<\/strong><br \/><br \/>1. Domaine de Colonat n&rsquo;autorise la visualisation du pr\u00e9sent site qu&rsquo;\u00e0 titre personnel et priv\u00e9. Toute copie des informations contenues dans ce site ne peut \u00eatre faite qu&rsquo;\u00e0 titre d&rsquo;information et est strictement r\u00e9serv\u00e9e \u00e0 un usage priv\u00e9 au sens de l&rsquo;article L 122-5 2\u00b0 du Code de la Propri\u00e9t\u00e9 Intellectuelle. Toute autre utilisation ou reproduction non express\u00e9ment vis\u00e9e aux pr\u00e9sentes est interdite.<br \/><br \/>2. La cr\u00e9ation d&rsquo;un lien hypertexte sur le pr\u00e9sent site est autoris\u00e9e uniquement vers l&rsquo;adresse de la page d&rsquo;accueil du site :<br \/>https:\/\/www.domaine-de-colonat.fr, \u00e0 l&rsquo;exclusion de toute autre adresse.<br \/><br \/>3. Les informations contenues dans ce site ne sont pas exhaustives et vous sont donn\u00e9es \u00e0 titre indicatif. Malgr\u00e9 les efforts de Domaine de Colonat, elles peuvent \u00eatre partielles, p\u00e9rim\u00e9es ou comporter des inexactitudes. Domaine de Colonat ne vous garantit pas l&rsquo;exactitude, l&rsquo;exhaustivit\u00e9, l&rsquo;ad\u00e9quation ou le fonctionnement du pr\u00e9sent site ou de l&rsquo;information qu&rsquo;il contient. Les photos sont donn\u00e9es \u00e0 titre non contractuel.<br \/><br \/>4. Domaine de Colonat n&rsquo;assume aucune responsabilit\u00e9 relative aux informations contenues dans le pr\u00e9sent site. Elle d\u00e9cline toute responsabilit\u00e9 d\u00e9coulant notamment de toute erreur et\/ou omission pouvant r\u00e9sulter de tout dommage direct ou indirect li\u00e9 au cr\u00e9dit que vous accordez \u00e0 ces informations, \u00e0 l&rsquo;utilisation que vous pourriez en faire et \u00e0 toute d\u00e9cision que vous seriez susceptibles de prendre en cons\u00e9quence.<br \/><br \/>5. Domaine de Colonat n&rsquo;assume aucune obligation de mise \u00e0 jour ou de correction des informations disponibles sur ce site et se r\u00e9serve le droit d&rsquo;en modifier le contenu \u00e0 tout moment et sans pr\u00e9avis.<br \/><br \/>6. En utilisant le pr\u00e9sent site vous acceptez les conditions d&rsquo;utilisation pr\u00e9cit\u00e9es et vous vous engagez \u00e0 les respecter<\/p>\t\t\t\t\t\t<\/div>\n\t\t\t\t<\/div>\n\t\t\t\t\t<\/div>\n\t\t<\/div>\n\t\t\t\t\t\t\t<\/div>\n\t\t<\/section>\n\t\t\t\t<section class=\"elementor-section elementor-top-section elementor-element elementor-element-3973439 elementor-section-boxed elementor-section-height-default elementor-section-height-default\" data-id=\"3973439\" data-element_type=\"section\">\n\t\t\t\t\t\t<div class=\"elementor-container elementor-column-gap-default\">\n\t\t\t\t\t<div class=\"elementor-column elementor-col-100 elementor-top-column elementor-element elementor-element-f5dd37a\" data-id=\"f5dd37a\" data-element_type=\"column\">\n\t\t\t<div class=\"elementor-widget-wrap elementor-element-populated\">\n\t\t\t\t\t\t\t\t<div class=\"elementor-element elementor-element-aa7b9ac elementor-widget elementor-widget-text-editor\" data-id=\"aa7b9ac\" data-element_type=\"widget\" data-widget_type=\"text-editor.default\">\n\t\t\t\t<div class=\"elementor-widget-container\">\n\t\t\t\t\t\t\t<p><strong>Disponibilit\u00e9 des services<\/strong><br \/><br \/>Les meilleurs efforts sont fournis pour maintenir l&rsquo;acc\u00e8s au site. Cependant, l\u2019acc\u00e8s au site peut \u00eatre interrompu temporairement ou d\u00e9finitivement, notamment pour des raisons juridiques, techniques ou de maintenance. Aucune indemnit\u00e9 ne peut \u00eatre octroy\u00e9e par Domaine de Colonat au titre d&rsquo;une indisponibilit\u00e9 du site, qu&rsquo;elle soit temporaire ou d\u00e9finitive.<\/p>\t\t\t\t\t\t<\/div>\n\t\t\t\t<\/div>\n\t\t\t\t\t<\/div>\n\t\t<\/div>\n\t\t\t\t\t\t\t<\/div>\n\t\t<\/section>\n\t\t\t\t<section class=\"elementor-section elementor-top-section elementor-element elementor-element-2e1db63 elementor-section-boxed elementor-section-height-default elementor-section-height-default\" data-id=\"2e1db63\" data-element_type=\"section\">\n\t\t\t\t\t\t<div class=\"elementor-container elementor-column-gap-default\">\n\t\t\t\t\t<div class=\"elementor-column elementor-col-100 elementor-top-column elementor-element elementor-element-edb52cb\" data-id=\"edb52cb\" data-element_type=\"column\">\n\t\t\t<div class=\"elementor-widget-wrap elementor-element-populated\">\n\t\t\t\t\t\t\t\t<div class=\"elementor-element elementor-element-9a5472b elementor-widget elementor-widget-text-editor\" data-id=\"9a5472b\" data-element_type=\"widget\" data-widget_type=\"text-editor.default\">\n\t\t\t\t<div class=\"elementor-widget-container\">\n\t\t\t\t\t\t\t<p><strong>S\u00e9curit\u00e9<\/strong><br \/><br \/>Il appartient au client d&rsquo;utiliser tous les moyens de s\u00e9curit\u00e9 dont il dispose pour pr\u00e9server la confidentialit\u00e9 des informations \u00e9chang\u00e9es. Domaine de Colonat ne saurait \u00eatre tenue pour responsable des cons\u00e9quences de la divulgation, m\u00eame involontaire, des informations \u00e9chang\u00e9es ou la non utilisation par le client des moyens de s\u00e9curit\u00e9.<\/p>\t\t\t\t\t\t<\/div>\n\t\t\t\t<\/div>\n\t\t\t\t\t<\/div>\n\t\t<\/div>\n\t\t\t\t\t\t\t<\/div>\n\t\t<\/section>\n\t\t\t\t<section class=\"elementor-section elementor-top-section elementor-element elementor-element-3fdf875 elementor-section-boxed elementor-section-height-default elementor-section-height-default\" data-id=\"3fdf875\" data-element_type=\"section\">\n\t\t\t\t\t\t<div class=\"elementor-container elementor-column-gap-default\">\n\t\t\t\t\t<div class=\"elementor-column elementor-col-100 elementor-top-column elementor-element elementor-element-80f8956\" data-id=\"80f8956\" data-element_type=\"column\">\n\t\t\t<div class=\"elementor-widget-wrap elementor-element-populated\">\n\t\t\t\t\t\t\t\t<div class=\"elementor-element elementor-element-7f440b8 elementor-widget elementor-widget-text-editor\" data-id=\"7f440b8\" data-element_type=\"widget\" data-widget_type=\"text-editor.default\">\n\t\t\t\t<div class=\"elementor-widget-container\">\n\t\t\t\t\t\t\t<p><strong>Territorialit\u00e9<\/strong><br \/><br \/>L&rsquo;Internaute reconna\u00eet que l&rsquo;utilisation du site est r\u00e9gie par la loi fran\u00e7aise et rel\u00e8ve de la comp\u00e9tence des juges fran\u00e7ais.<\/p>\t\t\t\t\t\t<\/div>\n\t\t\t\t<\/div>\n\t\t\t\t\t<\/div>\n\t\t<\/div>\n\t\t\t\t\t\t\t<\/div>\n\t\t<\/section>\n\t\t\t\t<section class=\"elementor-section elementor-top-section elementor-element elementor-element-f977624 elementor-section-boxed elementor-section-height-default elementor-section-height-default\" data-id=\"f977624\" data-element_type=\"section\">\n\t\t\t\t\t\t<div class=\"elementor-container elementor-column-gap-default\">\n\t\t\t\t\t<div class=\"elementor-column elementor-col-100 elementor-top-column elementor-element elementor-element-5ade440\" data-id=\"5ade440\" data-element_type=\"column\">\n\t\t\t<div class=\"elementor-widget-wrap elementor-element-populated\">\n\t\t\t\t\t\t\t\t<div class=\"elementor-element elementor-element-4730d1c elementor-widget elementor-widget-text-editor\" data-id=\"4730d1c\" data-element_type=\"widget\" data-widget_type=\"text-editor.default\">\n\t\t\t\t<div class=\"elementor-widget-container\">\n\t\t\t\t\t\t\t<p><strong>Informatique et libert\u00e9s<\/strong><br \/><br \/>Les informations susceptibles d&rsquo;\u00eatre collect\u00e9es sur le pr\u00e9sent site sont destin\u00e9es \u00e0 la demande d&rsquo;information. Conform\u00e9ment aux articles 35 et suivants de la loi informatique et libert\u00e9s (6 janvier 1978), vous disposez d&rsquo;un droit d&rsquo;acc\u00e8s, de communication, de rectification et de suppression des donn\u00e9es collect\u00e9es qui vous concernent. Vous pouvez exercer ce droit en \u00e9crivant \u00e0 l&rsquo;adresse suivante : thomas@domaine-de-colonat.fr<\/p>\t\t\t\t\t\t<\/div>\n\t\t\t\t<\/div>\n\t\t\t\t\t<\/div>\n\t\t<\/div>\n\t\t\t\t\t\t\t<\/div>\n\t\t<\/section>\n\t\t\t\t<section class=\"elementor-section elementor-top-section elementor-element elementor-element-5bc7771 elementor-section-boxed elementor-section-height-default elementor-section-height-default\" data-id=\"5bc7771\" data-element_type=\"section\">\n\t\t\t\t\t\t<div class=\"elementor-container elementor-column-gap-default\">\n\t\t\t\t\t<div class=\"elementor-column elementor-col-100 elementor-top-column elementor-element elementor-element-40c47f1\" data-id=\"40c47f1\" data-element_type=\"column\">\n\t\t\t<div class=\"elementor-widget-wrap elementor-element-populated\">\n\t\t\t\t\t\t\t\t<div class=\"elementor-element elementor-element-a4d88d7 elementor-widget elementor-widget-text-editor\" data-id=\"a4d88d7\" data-element_type=\"widget\" data-widget_type=\"text-editor.default\">\n\t\t\t\t<div class=\"elementor-widget-container\">\n\t\t\t\t\t\t\t<p><strong>Politique de protection des donn\u00e9es personnelles<\/strong><br \/><br \/>Ce site recueille des donn\u00e9es personnelles de ses utilisateurs et se conforme aux l\u00e9gislations en vigueur (loi du 21 Juin 2014 pour la confiance dans l\u2019Economie Num\u00e9rique, Loi Informatique et Libert\u00e9 du 06 Ao\u00fbt 2004 et R\u00e8glement G\u00e9n\u00e9ral sur la Protection des Donn\u00e9es &#8211; RGPD : n\u00b0 2016-679).<br \/><br \/>Donn\u00e9es personnelles collect\u00e9es aux fins suivantes :<br \/><br \/>\u2022 Donn\u00e9es analytiques : Google Analytics avec des donn\u00e9es IP personnelles anonymes : cookies et donn\u00e9es d&rsquo;utilisation du site.<br \/><br \/>\u2022 Formulaire de contact : Donn\u00e9es personnelles collect\u00e9es dans un but de gestion administrative et commerciale : adresse e-mail, pr\u00e9nom, nom, num\u00e9ro de t\u00e9l\u00e9phone.<br \/><br \/>Les destinataires des donn\u00e9es personnelles sont les associ\u00e9s, salari\u00e9s de Domaine de Colonat et ses partenaires techniques.<\/p>\t\t\t\t\t\t<\/div>\n\t\t\t\t<\/div>\n\t\t\t\t<div class=\"elementor-element elementor-element-f771369 elementor-widget elementor-widget-text-editor\" data-id=\"f771369\" data-element_type=\"widget\" data-widget_type=\"text-editor.default\">\n\t\t\t\t<div class=\"elementor-widget-container\">\n\t\t\t\t\t\t\t<p>La dur\u00e9e de conservation des donn\u00e9es personnelles est fix\u00e9e comme suit : S\u2019il existe une relation commerciale, les donn\u00e9es personnelles sont conserv\u00e9es de mani\u00e8re active durant toute la dur\u00e9e de cette relation et pour une dur\u00e9e de 10 ans apr\u00e8s cette relation. S\u2019il n\u2019existe pas de relation commerciale, les donn\u00e9es seront supprim\u00e9es dans un d\u00e9lai de 2 ans \u00e0 compter de la collecte des donn\u00e9es.<\/p><p><br \/>L\u2019utilisateur peut exercer son droit d&rsquo;acc\u00e8s aux donn\u00e9es le concernant, de rectification, d\u2019effacement, demander une limitation du traitement, s\u2019y opposer ou en demander la portabilit\u00e9 en contactant le responsable du traitement des donn\u00e9es par mail : thomas@domaine-de-colonat.fr<\/p>\t\t\t\t\t\t<\/div>\n\t\t\t\t<\/div>\n\t\t\t\t\t<\/div>\n\t\t<\/div>\n\t\t\t\t\t\t\t<\/div>\n\t\t<\/section>\n\t\t\t\t<section class=\"elementor-section elementor-top-section elementor-element elementor-element-85ab064 elementor-section-boxed elementor-section-height-default elementor-section-height-default\" data-id=\"85ab064\" data-element_type=\"section\">\n\t\t\t\t\t\t<div class=\"elementor-container elementor-column-gap-default\">\n\t\t\t\t\t<div class=\"elementor-column elementor-col-100 elementor-top-column elementor-element elementor-element-e9c1734\" data-id=\"e9c1734\" data-element_type=\"column\">\n\t\t\t<div class=\"elementor-widget-wrap elementor-element-populated\">\n\t\t\t\t\t\t\t\t<div class=\"elementor-element elementor-element-f393d73 elementor-widget elementor-widget-text-editor\" data-id=\"f393d73\" data-element_type=\"widget\" data-widget_type=\"text-editor.default\">\n\t\t\t\t<div class=\"elementor-widget-container\">\n\t\t\t\t\t\t\t<p><strong>Droit d&rsquo;auteur et Propri\u00e9t\u00e9 intellectuelle<br \/><\/strong><br \/>Les marques, logos et plus g\u00e9n\u00e9ralement tous les \u00e9l\u00e9ments de propri\u00e9t\u00e9 intellectuelle sont la propri\u00e9t\u00e9 de leur auteur, sont d\u00e9pos\u00e9es et prot\u00e9g\u00e9es \u00e0 ce titre. Toute utilisation ou reproduction est interdite. Par ailleurs, les informations contenues sur ce site doivent \u00eatre utilis\u00e9es \u00e0 des fins strictement personnelles. Toute utilisation, reproduction, copie, diffusion \u00e0 des fins commerciales est interdite.<\/p>\t\t\t\t\t\t<\/div>\n\t\t\t\t<\/div>\n\t\t\t\t\t<\/div>\n\t\t<\/div>\n\t\t\t\t\t\t\t<\/div>\n\t\t<\/section>\n\t\t\t\t<section class=\"elementor-section elementor-top-section elementor-element elementor-element-f210abd elementor-section-boxed elementor-section-height-default elementor-section-height-default\" data-id=\"f210abd\" data-element_type=\"section\">\n\t\t\t\t\t\t<div class=\"elementor-container elementor-column-gap-default\">\n\t\t\t\t\t<div class=\"elementor-column elementor-col-100 elementor-top-column elementor-element elementor-element-d09eddd\" data-id=\"d09eddd\" data-element_type=\"column\">\n\t\t\t<div class=\"elementor-widget-wrap elementor-element-populated\">\n\t\t\t\t\t\t\t\t<div class=\"elementor-element elementor-element-a4f3410 elementor-widget elementor-widget-text-editor\" data-id=\"a4f3410\" data-element_type=\"widget\" data-widget_type=\"text-editor.default\">\n\t\t\t\t<div class=\"elementor-widget-container\">\n\t\t\t\t\t\t\t<p><strong>Cookies et Sessions<\/strong><br \/><br \/>Les cookies sont de petits fichiers implant\u00e9s sur votre ordinateur. Un cookie ne nous permet pas de vous identifier mais il enregistre des informations relatives \u00e0 la navigation de votre ordinateur sur notre site que nous pourrons lire lors de vos visites ult\u00e9rieures afin de faciliter la navigation, d&rsquo;optimiser la connexion et de personnaliser l&rsquo;utilisation du site. Vous pouvez refuser l&rsquo;utilisation des cookies en configurant les param\u00e8tres de votre navigateur Internet. Cependant le fait de refuser les cookies peut rendre indisponibles toutes ou certaines parties du site.<\/p>\t\t\t\t\t\t<\/div>\n\t\t\t\t<\/div>\n\t\t\t\t\t<\/div>\n\t\t<\/div>\n\t\t\t\t\t\t\t<\/div>\n\t\t<\/section>\n\t\t\t\t<section class=\"elementor-section elementor-top-section elementor-element elementor-element-f94f8da elementor-section-boxed elementor-section-height-default elementor-section-height-default\" data-id=\"f94f8da\" data-element_type=\"section\">\n\t\t\t\t\t\t<div class=\"elementor-container elementor-column-gap-default\">\n\t\t\t\t\t<div class=\"elementor-column elementor-col-100 elementor-top-column elementor-element elementor-element-1567c2c\" data-id=\"1567c2c\" data-element_type=\"column\">\n\t\t\t<div class=\"elementor-widget-wrap elementor-element-populated\">\n\t\t\t\t\t\t\t\t<div class=\"elementor-element elementor-element-b2a530b elementor-widget elementor-widget-text-editor\" data-id=\"b2a530b\" data-element_type=\"widget\" data-widget_type=\"text-editor.default\">\n\t\t\t\t<div class=\"elementor-widget-container\">\n\t\t\t\t\t\t\t<p><strong>Cr\u00e9dits<\/strong><br \/>Domaine de Colonat<br \/><br \/><strong>Remerciements<br \/><\/strong>Nous tenons \u00e0 remercier le soutien financier de la R\u00e9gion Auvergne-Rhone-Alpes pour la cr\u00e9ation de ce site internet.<\/p>\t\t\t\t\t\t<\/div>\n\t\t\t\t<\/div>\n\t\t\t\t<div class=\"elementor-element elementor-element-196d68c elementor-widget elementor-widget-image\" data-id=\"196d68c\" data-element_type=\"widget\" data-widget_type=\"image.default\">\n\t\t\t\t<div class=\"elementor-widget-container\">\n\t\t\t\t\t\t\t\t\t\t\t\t\t\t\t<img loading=\"lazy\" decoding=\"async\" width=\"150\" height=\"75\" src=\"https:\/\/domaine-de-colonat.fr\/wp-content\/uploads\/2021\/03\/Capture-de\u0301cran-2021-03-30-a\u0300-19.00.03-e1636539677799.png\" class=\"attachment-full size-full wp-image-1082\" alt=\"\" \/>\t\t\t\t\t\t\t\t\t\t\t\t\t\t\t<\/div>\n\t\t\t\t<\/div>\n\t\t\t\t\t<\/div>\n\t\t<\/div>\n\t\t\t\t\t\t\t<\/div>\n\t\t<\/section>\n\t\t\t\t\t\t\t<\/div>","protected":false},"excerpt":{"rendered":"<p>Mentions l\u00e9gales Informations l\u00e9gales Le site www.domaine-de-colonat.fr \u00a0est la propri\u00e9t\u00e9 de la soci\u00e9t\u00e9 SASU Thomas COLLONGE &#8211; au capital de 5 000 \u20ac &#8211; immatricul\u00e9e 809\u00a0844\u00a0053 RCS Villefranche-Tarare.Si\u00e8ge social : 4505 Voie Romaine 69910 VILLIE-MORGON Directeur de la publication : Thomas COLLONGE Conception \/ R\u00e9alisation \/ Webmastering \/ H\u00e9bergement : \u00a0WYBe. Conditions d&rsquo;utilisation du site [&hellip;]<\/p>","protected":false},"author":1,"featured_media":0,"parent":0,"menu_order":0,"comment_status":"closed","ping_status":"closed","template":"","meta":{"footnotes":""},"class_list":["post-1019","page","type-page","status-publish","hentry"],"yoast_head":"<!-- This site is optimized with the Yoast SEO plugin v21.1 - https:\/\/yoast.com\/wordpress\/plugins\/seo\/ -->\n<title>Mentions l\u00e9gales - Domaine de Colonat<\/title>\n<meta name=\"robots\" content=\"index, follow, max-snippet:-1, max-image-preview:large, max-video-preview:-1\" \/>\n<link rel=\"canonical\" href=\"https:\/\/domaine-de-colonat.fr\/en\/mentions-legales\/\" \/>\n<meta property=\"og:locale\" content=\"en_US\" \/>\n<meta property=\"og:type\" content=\"article\" \/>\n<meta property=\"og:title\" content=\"Mentions l\u00e9gales - Domaine de Colonat\" \/>\n<meta property=\"og:description\" content=\"Mentions l\u00e9gales Informations l\u00e9gales Le site www.domaine-de-colonat.fr \u00a0est la propri\u00e9t\u00e9 de la soci\u00e9t\u00e9 SASU Thomas COLLONGE &#8211; au capital de 5 000 \u20ac &#8211; immatricul\u00e9e 809\u00a0844\u00a0053 RCS Villefranche-Tarare.Si\u00e8ge social : 4505 Voie Romaine 69910 VILLIE-MORGON Directeur de la publication : Thomas COLLONGE Conception \/ R\u00e9alisation \/ Webmastering \/ H\u00e9bergement : \u00a0WYBe. Conditions d&rsquo;utilisation du site [&hellip;]\" \/>\n<meta property=\"og:url\" content=\"https:\/\/domaine-de-colonat.fr\/en\/mentions-legales\/\" \/>\n<meta property=\"og:site_name\" content=\"Domaine de Colonat\" \/>\n<meta property=\"article:modified_time\" content=\"2021-04-01T13:27:10+00:00\" \/>\n<meta name=\"twitter:card\" content=\"summary_large_image\" \/>\n<meta name=\"twitter:label1\" content=\"Est. reading time\" \/>\n\t<meta name=\"twitter:data1\" content=\"5 minutes\" \/>\n<script type=\"application\/ld+json\" class=\"yoast-schema-graph\">{\"@context\":\"https:\/\/schema.org\",\"@graph\":[{\"@type\":\"WebPage\",\"@id\":\"https:\/\/domaine-de-colonat.fr\/mentions-legales\",\"url\":\"https:\/\/domaine-de-colonat.fr\/mentions-legales\",\"name\":\"Mentions l\u00e9gales - Domaine de Colonat\",\"isPartOf\":{\"@id\":\"https:\/\/domaine-de-colonat.fr\/#website\"},\"datePublished\":\"2021-03-23T16:11:28+00:00\",\"dateModified\":\"2021-04-01T13:27:10+00:00\",\"breadcrumb\":{\"@id\":\"https:\/\/domaine-de-colonat.fr\/mentions-legales#breadcrumb\"},\"inLanguage\":\"en-US\",\"potentialAction\":[{\"@type\":\"ReadAction\",\"target\":[\"https:\/\/domaine-de-colonat.fr\/mentions-legales\"]}]},{\"@type\":\"BreadcrumbList\",\"@id\":\"https:\/\/domaine-de-colonat.fr\/mentions-legales#breadcrumb\",\"itemListElement\":[{\"@type\":\"ListItem\",\"position\":1,\"name\":\"Accueil\",\"item\":\"https:\/\/domaine-de-colonat.fr\/\"},{\"@type\":\"ListItem\",\"position\":2,\"name\":\"Mentions l\u00e9gales\"}]},{\"@type\":\"WebSite\",\"@id\":\"https:\/\/domaine-de-colonat.fr\/#website\",\"url\":\"https:\/\/domaine-de-colonat.fr\/\",\"name\":\"Domaine de Colonat\",\"description\":\"\",\"potentialAction\":[{\"@type\":\"SearchAction\",\"target\":{\"@type\":\"EntryPoint\",\"urlTemplate\":\"https:\/\/domaine-de-colonat.fr\/?s={search_term_string}\"},\"query-input\":\"required name=search_term_string\"}],\"inLanguage\":\"en-US\"}]}<\/script>\n<!-- \/ Yoast SEO plugin. -->","yoast_head_json":{"title":"Mentions l\u00e9gales - Domaine de Colonat","robots":{"index":"index","follow":"follow","max-snippet":"max-snippet:-1","max-image-preview":"max-image-preview:large","max-video-preview":"max-video-preview:-1"},"canonical":"https:\/\/domaine-de-colonat.fr\/en\/mentions-legales\/","og_locale":"en_US","og_type":"article","og_title":"Mentions l\u00e9gales - Domaine de Colonat","og_description":"Mentions l\u00e9gales Informations l\u00e9gales Le site www.domaine-de-colonat.fr \u00a0est la propri\u00e9t\u00e9 de la soci\u00e9t\u00e9 SASU Thomas COLLONGE &#8211; au capital de 5 000 \u20ac &#8211; immatricul\u00e9e 809\u00a0844\u00a0053 RCS Villefranche-Tarare.Si\u00e8ge social : 4505 Voie Romaine 69910 VILLIE-MORGON Directeur de la publication : Thomas COLLONGE Conception \/ R\u00e9alisation \/ Webmastering \/ H\u00e9bergement : \u00a0WYBe. Conditions d&rsquo;utilisation du site [&hellip;]","og_url":"https:\/\/domaine-de-colonat.fr\/en\/mentions-legales\/","og_site_name":"Domaine de Colonat","article_modified_time":"2021-04-01T13:27:10+00:00","twitter_card":"summary_large_image","twitter_misc":{"Est. reading time":"5 minutes"},"schema":{"@context":"https:\/\/schema.org","@graph":[{"@type":"WebPage","@id":"https:\/\/domaine-de-colonat.fr\/mentions-legales","url":"https:\/\/domaine-de-colonat.fr\/mentions-legales","name":"Mentions l\u00e9gales - Domaine de Colonat","isPartOf":{"@id":"https:\/\/domaine-de-colonat.fr\/#website"},"datePublished":"2021-03-23T16:11:28+00:00","dateModified":"2021-04-01T13:27:10+00:00","breadcrumb":{"@id":"https:\/\/domaine-de-colonat.fr\/mentions-legales#breadcrumb"},"inLanguage":"en-US","potentialAction":[{"@type":"ReadAction","target":["https:\/\/domaine-de-colonat.fr\/mentions-legales"]}]},{"@type":"BreadcrumbList","@id":"https:\/\/domaine-de-colonat.fr\/mentions-legales#breadcrumb","itemListElement":[{"@type":"ListItem","position":1,"name":"Accueil","item":"https:\/\/domaine-de-colonat.fr\/"},{"@type":"ListItem","position":2,"name":"Mentions l\u00e9gales"}]},{"@type":"WebSite","@id":"https:\/\/domaine-de-colonat.fr\/#website","url":"https:\/\/domaine-de-colonat.fr\/","name":"Domaine de Colonat","description":"","potentialAction":[{"@type":"SearchAction","target":{"@type":"EntryPoint","urlTemplate":"https:\/\/domaine-de-colonat.fr\/?s={search_term_string}"},"query-input":"required name=search_term_string"}],"inLanguage":"en-US"}]}},"_links":{"self":[{"href":"https:\/\/domaine-de-colonat.fr\/en\/wp-json\/wp\/v2\/pages\/1019","targetHints":{"allow":["GET"]}}],"collection":[{"href":"https:\/\/domaine-de-colonat.fr\/en\/wp-json\/wp\/v2\/pages"}],"about":[{"href":"https:\/\/domaine-de-colonat.fr\/en\/wp-json\/wp\/v2\/types\/page"}],"author":[{"embeddable":true,"href":"https:\/\/domaine-de-colonat.fr\/en\/wp-json\/wp\/v2\/users\/1"}],"replies":[{"embeddable":true,"href":"https:\/\/domaine-de-colonat.fr\/en\/wp-json\/wp\/v2\/comments?post=1019"}],"version-history":[{"count":28,"href":"https:\/\/domaine-de-colonat.fr\/en\/wp-json\/wp\/v2\/pages\/1019\/revisions"}],"predecessor-version":[{"id":1133,"href":"https:\/\/domaine-de-colonat.fr\/en\/wp-json\/wp\/v2\/pages\/1019\/revisions\/1133"}],"wp:attachment":[{"href":"https:\/\/domaine-de-colonat.fr\/en\/wp-json\/wp\/v2\/media?parent=1019"}],"curies":[{"name":"wp","href":"https:\/\/api.w.org\/{rel}","templated":true}]}}